{"id":26732,"date":"2026-02-07T00:21:44","date_gmt":"2026-02-06T22:21:44","guid":{"rendered":"https:\/\/togosunny.com\/?page_id=26732"},"modified":"2026-02-07T01:31:31","modified_gmt":"2026-02-06T23:31:31","slug":"traceability-hibflower-tg-2512-27","status":"publish","type":"page","link":"https:\/\/togosunny.com\/en\/traceability-hibflower-tg-2512-27\/","title":{"rendered":"Traceability\/HIBFLOWER-TG-2512-27"},"content":{"rendered":"\n<!DOCTYPE html>\n<html lang=\"en\">\n<head>\n    <meta charset=\"UTF-8\">\n    <meta name=\"viewport\" content=\"width=device-width, initial-scale=1.0\">\n    <title>Traceability &#8211; Hibiscus Dried Flower | HIBFLOWER-TG-2512-27<\/title>\n    <style>\n        * {\n            margin: 0;\n            padding: 0;\n            box-sizing: border-box;\n        }\n\n        body {\n            font-family: 'Arial', 'Helvetica', sans-serif;\n            background-color: #f3eed3;\n            color: #333;\n            line-height: 1.6;\n            padding: 20px;\n        }\n\n        .container {\n            max-width: 1200px;\n            margin: 0 auto;\n            background-color: #fff;\n            border-radius: 10px;\n            box-shadow: 0 4px 6px rgba(0,0,0,0.1);\n            overflow: hidden;\n        }\n\n        .language-selector {\n            display: flex;\n            justify-content: center;\n            gap: 20px;\n            padding: 20px;\n            background-color: #2c5f2d;\n            flex-wrap: wrap;\n        }\n\n        .lang-btn {\n            display: flex;\n            align-items: center;\n            gap: 8px;\n            padding: 10px 20px;\n            background-color: #fff;\n            border: 2px solid #2c5f2d;\n            border-radius: 5px;\n            cursor: pointer;\n            transition: all 0.3s ease;\n            font-weight: bold;\n            color: #2c5f2d;\n        }\n\n        .lang-btn:hover {\n            background-color: #2c5f2d;\n            color: #fff;\n        }\n\n        .lang-btn.active {\n            background-color: #2c5f2d;\n            color: #fff;\n        }\n\n        .flag {\n            width: 24px;\n            height: 16px;\n            font-size: 20px;\n        }\n\n        .content-section {\n            display: none;\n            padding: 40px;\n        }\n\n        .content-section.active {\n            display: block;\n        }\n\n        .product-header {\n            text-align: center;\n            margin-bottom: 40px;\n        }\n\n        .product-image {\n            max-width: 400px;\n            width: 100%;\n            height: auto;\n            border-radius: 10px;\n            margin: 20px auto;\n            display: block;\n            box-shadow: 0 4px 8px rgba(0,0,0,0.15);\n        }\n\n        h1 {\n            color: #8b1538;\n            font-size: 2.5em;\n            margin-bottom: 10px;\n        }\n\n        h2 {\n            color: #2c5f2d;\n            margin-top: 30px;\n            margin-bottom: 15px;\n            font-size: 1.8em;\n            border-bottom: 3px solid #8b1538;\n            padding-bottom: 10px;\n        }\n\n        h3 {\n            color: #8b1538;\n            margin-top: 20px;\n            margin-bottom: 10px;\n            font-size: 1.3em;\n        }\n\n        .price-box {\n            background: linear-gradient(135deg, #8b1538 0%, #c71f4c 100%);\n            color: #fff;\n            padding: 20px;\n            border-radius: 10px;\n            text-align: center;\n            font-size: 1.5em;\n            font-weight: bold;\n            margin: 20px 0;\n            box-shadow: 0 4px 8px rgba(0,0,0,0.2);\n        }\n\n        .traceability-info {\n            background-color: #f9f9f9;\n            padding: 25px;\n            border-radius: 8px;\n            margin: 20px 0;\n            border-left: 5px solid #2c5f2d;\n        }\n\n        .info-grid {\n            display: grid;\n            grid-template-columns: repeat(auto-fit, minmax(250px, 1fr));\n            gap: 20px;\n            margin: 20px 0;\n        }\n\n        .info-item {\n            background-color: #fff;\n            padding: 15px;\n            border-radius: 8px;\n            border: 1px solid #ddd;\n        }\n\n        .info-label {\n            font-weight: bold;\n            color: #2c5f2d;\n            margin-bottom: 5px;\n            font-size: 0.9em;\n            text-transform: uppercase;\n        }\n\n        .info-value {\n            color: #333;\n            font-size: 1.1em;\n        }\n\n        .benefits-section {\n            background-color: #fff5f5;\n            padding: 25px;\n            border-radius: 8px;\n            margin: 20px 0;\n            border-left: 5px solid #8b1538;\n        }\n\n        .recipe-box {\n            background-color: #f0f8f0;\n            padding: 20px;\n            border-radius: 8px;\n            margin: 15px 0;\n            border: 2px solid #2c5f2d;\n        }\n\n        .recipe-box h3 {\n            margin-top: 0;\n        }\n\n        ul {\n            margin-left: 20px;\n            margin-top: 10px;\n        }\n\n        li {\n            margin-bottom: 10px;\n        }\n\n        .notes-box {\n            background: linear-gradient(135deg, #fff8e1 0%, #ffe9a6 100%);\n            padding: 20px;\n            border-radius: 8px;\n            margin: 20px 0;\n            border: 2px dashed #f9a825;\n        }\n\n        .batch-number {\n            font-size: 1.2em;\n            font-weight: bold;\n            color: #8b1538;\n            background-color: #fff;\n            padding: 10px 20px;\n            border-radius: 5px;\n            display: inline-block;\n            margin: 10px 0;\n            border: 2px solid #8b1538;\n        }\n\n        footer {\n            background-color: #2c5f2d;\n            color: #fff;\n            text-align: center;\n            padding: 30px 20px;\n            margin-top: 40px;\n        }\n\n        footer p {\n            margin: 10px 0;\n            line-height: 1.8;\n        }\n\n        @media (max-width: 768px) {\n            .container {\n                border-radius: 0;\n            }\n\n            h1 {\n                font-size: 2em;\n            }\n\n            h2 {\n                font-size: 1.5em;\n            }\n\n            .content-section {\n                padding: 20px;\n            }\n\n            .info-grid {\n                grid-template-columns: 1fr;\n            }\n        }\n    <\/style>\n<\/head>\n<body>\n    <div class=\"container\">\n        <!-- Language Selector -->\n        <div class=\"language-selector\">\n            <button class=\"lang-btn active\" onclick=\"switchLanguage('en')\">\n                <span class=\"flag\">\ud83c\uddec\ud83c\udde7<\/span>\n                <span>English<\/span>\n            <\/button>\n            <button class=\"lang-btn\" onclick=\"switchLanguage('fr')\">\n                <span class=\"flag\">\ud83c\uddeb\ud83c\uddf7<\/span>\n                <span>Fran\u00e7ais<\/span>\n            <\/button>\n            <button class=\"lang-btn\" onclick=\"switchLanguage('et')\">\n                <span class=\"flag\">\ud83c\uddea\ud83c\uddea<\/span>\n                <span>Eesti<\/span>\n            <\/button>\n        <\/div>\n\n        <!-- English Content -->\n        <div id=\"en\" class=\"content-section active\">\n            <div class=\"product-header\">\n                <h1>\ud83c\udf3a Hibiscus Dried Flower<\/h1>\n                <p style=\"font-size: 1.2em; color: #666; margin-top: 10px;\">Premium Quality from Togo<\/p>\n                <img decoding=\"async\" src=\"https:\/\/togosunny.com\/wp-content\/uploads\/Hibiscus-dried-flower.png\" alt=\"Hibiscus Dried Flower\" class=\"product-image\">\n                <div class=\"price-box\">\u20ac5.00 \/ 50 g<\/div>\n                <div class=\"batch-number\">Batch Number: HIBFLOWER-TG-2512-27<\/div>\n            <\/div>\n\n            <h2>\ud83d\udccb Traceability Information<\/h2>\n            <div class=\"traceability-info\">\n                <div class=\"info-grid\">\n                    <div class=\"info-item\">\n                        <div class=\"info-label\">Product<\/div>\n                        <div class=\"info-value\">Hibiscus Dried Flower<\/div>\n                    <\/div>\n                    <div class=\"info-item\">\n                        <div class=\"info-label\">Village \/ Area<\/div>\n                        <div class=\"info-value\">\u2022 Kara \/ Koza<br>\u2022 Kpalim\u00e9 \/ Kloto<\/div>\n                    <\/div>\n                    <div class=\"info-item\">\n                        <div class=\"info-label\">Producers<\/div>\n                        <div class=\"info-value\">\n                            \u2022 Centre des Hommes &#8211; farmers group<br>\n                            \u2022 Local farmers &#8211; CDH program<br>\n                            \u2022 Family groups &#8211; CDH program\n                        <\/div>\n                    <\/div>\n                    <div class=\"info-item\">\n                        <div class=\"info-label\">Harvest Date<\/div>\n                        <div class=\"info-value\">September 12, 2025<\/div>\n                    <\/div>\n                    <div class=\"info-item\">\n                        <div class=\"info-label\">Packaging Date<\/div>\n                        <div class=\"info-value\">December 23, 2025<\/div>\n                    <\/div>\n                <\/div>\n            <\/div>\n\n            <div class=\"notes-box\">\n                <h3>\u2728 Product Notes<\/h3>\n                <p><strong>Hibiscus sabdariffa<\/strong>, perfect for making bissap juice and a tea infusion (hibiscus herbal tea), is a delicious and healthy drink, especially refreshing.<\/p>\n                <p style=\"margin-top: 10px;\">\ud83c\udf3f <strong>Natural and hand-harvested<\/strong> by local farming communities in Togo&#8217;s fertile regions.<\/p>\n                <p style=\"margin-top: 10px;\">\ud83d\udc9a <strong>Health benefits:<\/strong> Hibiscus flower is renowned for its numerous health properties, including supporting cardiovascular health, being rich in antioxidants, and providing natural vitamin C.<\/p>\n                <p style=\"margin-top: 10px;\">\ud83e\udd1d <strong>Fair trade:<\/strong> This product supports sustainable development and empowers local communities through the Centre des Hommes program, ensuring fair compensation for farmers and their families.<\/p>\n                <p style=\"margin-top: 10px;\">\ud83c\udf0d <strong>Environmentally friendly:<\/strong> Grown without pesticides using traditional, eco-friendly farming methods that preserve Togo&#8217;s biodiversity.<\/p>\n            <\/div>\n\n            <h2>\ud83c\udf3f Health Benefits &#038; Uses<\/h2>\n            <div class=\"benefits-section\">\n                <p><strong>Dried hibiscus flower<\/strong> is used to make bissap juice and a tea infusion. Here&#8217;s how to proceed:<\/p>\n                \n                <div class=\"recipe-box\">\n                    <h3>\u2615 Tea Infusion<\/h3>\n                    <p>Add 1 tablespoon of dried hibiscus flower per cup of boiling pure water. Let it infuse for 10 minutes. Strain and drink hot or cold, according to your preference.<\/p>\n                <\/div>\n\n                <div class=\"recipe-box\">\n                    <h3>\ud83e\udd64 Bissap Juice<\/h3>\n                    <p>Boil 2 liters of pure water (about 100\u00b0C) and pour it into a pot containing 50g of hibiscus. Add 20g of lemongrass and pineapple peels, plus basil leaves. Cover the pot for 30 minutes. Strain the bissap juice and add brown sugar, preferably. It&#8217;s ready-drink it cold.<\/p>\n                <\/div>\n            <\/div>\n        <\/div>\n\n        <!-- French Content -->\n        <div id=\"fr\" class=\"content-section\">\n            <div class=\"product-header\">\n                <h1>\ud83c\udf3a Fleur d&#8217;Hibiscus S\u00e9ch\u00e9e<\/h1>\n                <p style=\"font-size: 1.2em; color: #666; margin-top: 10px;\">Qualit\u00e9 Premium du Togo<\/p>\n                <img decoding=\"async\" src=\"https:\/\/togosunny.com\/wp-content\/uploads\/Hibiscus-dried-flower.png\" alt=\"Fleur d'Hibiscus S\u00e9ch\u00e9e\" class=\"product-image\">\n                <div class=\"price-box\">5,00 \u20ac \/ 50 g<\/div>\n                <div class=\"batch-number\">Num\u00e9ro de lot : HIBFLOWER-TG-2512-27<\/div>\n            <\/div>\n\n            <h2>\ud83d\udccb Informations de Tra\u00e7abilit\u00e9<\/h2>\n            <div class=\"traceability-info\">\n                <div class=\"info-grid\">\n                    <div class=\"info-item\">\n                        <div class=\"info-label\">Produit<\/div>\n                        <div class=\"info-value\">Fleur d&#8217;Hibiscus S\u00e9ch\u00e9e<\/div>\n                    <\/div>\n                    <div class=\"info-item\">\n                        <div class=\"info-label\">Village \/ R\u00e9gion<\/div>\n                        <div class=\"info-value\">\u2022 Kara \/ Koza<br>\u2022 Kpalim\u00e9 \/ Kloto<\/div>\n                    <\/div>\n                    <div class=\"info-item\">\n                        <div class=\"info-label\">Producteurs<\/div>\n                        <div class=\"info-value\">\n                            \u2022 Centre des Hommes &#8211; groupe d&#8217;agriculteurs<br>\n                            \u2022 Agriculteurs locaux &#8211; programme CDH<br>\n                            \u2022 Groupes familiaux &#8211; programme CDH\n                        <\/div>\n                    <\/div>\n                    <div class=\"info-item\">\n                        <div class=\"info-label\">Date de R\u00e9colte<\/div>\n                        <div class=\"info-value\">12 septembre 2025<\/div>\n                    <\/div>\n                    <div class=\"info-item\">\n                        <div class=\"info-label\">Date d&#8217;Emballage<\/div>\n                        <div class=\"info-value\">23 d\u00e9cembre 2025<\/div>\n                    <\/div>\n                <\/div>\n            <\/div>\n\n            <div class=\"notes-box\">\n                <h3>\u2728 Notes sur le Produit<\/h3>\n                <p><strong>Hibiscus sabdariffa<\/strong> est parfait pour pr\u00e9parer du jus de bissap et une infusion (tisane d&#8217;hibiscus). C&#8217;est une boisson d\u00e9licieuse et saine, particuli\u00e8rement rafra\u00eechissante.<\/p>\n                <p style=\"margin-top: 10px;\">\ud83c\udf3f <strong>Naturel et r\u00e9colt\u00e9 \u00e0 la main<\/strong> par les communaut\u00e9s agricoles locales dans les r\u00e9gions fertiles du Togo.<\/p>\n                <p style=\"margin-top: 10px;\">\ud83d\udc9a <strong>Bienfaits pour la sant\u00e9 :<\/strong> La fleur d&#8217;hibiscus est r\u00e9put\u00e9e pour ses nombreuses propri\u00e9t\u00e9s b\u00e9n\u00e9fiques, notamment le soutien de la sant\u00e9 cardiovasculaire, sa richesse en antioxydants et sa teneur en vitamine C naturelle.<\/p>\n                <p style=\"margin-top: 10px;\">\ud83e\udd1d <strong>Commerce \u00e9quitable :<\/strong> Ce produit soutient le d\u00e9veloppement durable et valorise les communaut\u00e9s locales gr\u00e2ce au programme du Centre des Hommes, garantissant une r\u00e9mun\u00e9ration juste aux agriculteurs et \u00e0 leurs familles.<\/p>\n                <p style=\"margin-top: 10px;\">\ud83c\udf0d <strong>Respectueux de l&#8217;environnement :<\/strong> Cultiv\u00e9 sans pesticides selon des m\u00e9thodes agricoles traditionnelles et \u00e9cologiques qui pr\u00e9servent la biodiversit\u00e9 du Togo.<\/p>\n            <\/div>\n\n            <h2>\ud83c\udf3f Bienfaits pour la Sant\u00e9 &#038; Utilisation<\/h2>\n            <div class=\"benefits-section\">\n                <p><strong>La fleur d&#8217;hibiscus s\u00e9ch\u00e9e<\/strong> sert \u00e0 pr\u00e9parer du jus de bissap et une infusion. Voici comment proc\u00e9der :<\/p>\n                \n                <div class=\"recipe-box\">\n                    <h3>\u2615 Infusion (Tisane)<\/h3>\n                    <p>Ajoutez 1 cuill\u00e8re \u00e0 soupe de fleur d&#8217;hibiscus s\u00e9ch\u00e9e par tasse d&#8217;eau pure bouillante. Laissez infuser 10 minutes. Filtrez et buvez chaud ou froid, selon votre pr\u00e9f\u00e9rence.<\/p>\n                <\/div>\n\n                <div class=\"recipe-box\">\n                    <h3>\ud83e\udd64 Jus de Bissap<\/h3>\n                    <p>Faites bouillir 2 litres d&#8217;eau pure (environ 100 \u00b0C) et versez-la dans une casserole contenant 50 g d&#8217;hibiscus. Ajoutez 20 g de citronnelle et des pelures d&#8217;ananas, plus des feuilles de basilic. Couvrez la casserole pendant 30 minutes. Filtrez le jus de bissap et ajoutez, de pr\u00e9f\u00e9rence, du sucre brun. C&#8217;est pr\u00eat : buvez-le bien frais.<\/p>\n                <\/div>\n            <\/div>\n        <\/div>\n\n        <!-- Estonian Content -->\n        <div id=\"et\" class=\"content-section\">\n            <div class=\"product-header\">\n                <h1>\ud83c\udf3a Kuivatatud Hibiski\u00f5is<\/h1>\n                <p style=\"font-size: 1.2em; color: #666; margin-top: 10px;\">Premium Kvaliteet Togost<\/p>\n                <img decoding=\"async\" src=\"https:\/\/togosunny.com\/wp-content\/uploads\/Hibiscus-dried-flower.png\" alt=\"Kuivatatud Hibiski\u00f5is\" class=\"product-image\">\n                <div class=\"price-box\">5,00 \u20ac \/ 50 g<\/div>\n                <div class=\"batch-number\">Partii number: HIBFLOWER-TG-2512-27<\/div>\n            <\/div>\n\n            <h2>\ud83d\udccb J\u00e4lgitavuse Informatsioon<\/h2>\n            <div class=\"traceability-info\">\n                <div class=\"info-grid\">\n                    <div class=\"info-item\">\n                        <div class=\"info-label\">Toode<\/div>\n                        <div class=\"info-value\">Kuivatatud Hibiski\u00f5is<\/div>\n                    <\/div>\n                    <div class=\"info-item\">\n                        <div class=\"info-label\">K\u00fcla \/ Piirkond<\/div>\n                        <div class=\"info-value\">\u2022 Kara \/ Koza<br>\u2022 Kpalim\u00e9 \/ Kloto<\/div>\n                    <\/div>\n                    <div class=\"info-item\">\n                        <div class=\"info-label\">Tootjad<\/div>\n                        <div class=\"info-value\">\n                            \u2022 Centre des Hommes &#8211; p\u00f5llumeeste r\u00fchm<br>\n                            \u2022 Kohalikud p\u00f5llumehed &#8211; CDH programm<br>\n                            \u2022 Perer\u00fchmad &#8211; CDH programm\n                        <\/div>\n                    <\/div>\n                    <div class=\"info-item\">\n                        <div class=\"info-label\">Saagikoristuse Kuup\u00e4ev<\/div>\n                        <div class=\"info-value\">12. september 2025<\/div>\n                    <\/div>\n                    <div class=\"info-item\">\n                        <div class=\"info-label\">Pakendamise Kuup\u00e4ev<\/div>\n                        <div class=\"info-value\">23. detsember 2025<\/div>\n                    <\/div>\n                <\/div>\n            <\/div>\n\n            <div class=\"notes-box\">\n                <h3>\u2728 Toote M\u00e4rkused<\/h3>\n                <p><strong>Hibiscus sabdariffa<\/strong> sobib h\u00e4sti bissapi mahla valmistamiseks ning hibiskuse tee (t\u00f5mmise) tegemiseks. See on maitsev ja tervislik, eriti v\u00e4rskendav jook.<\/p>\n                <p style=\"margin-top: 10px;\">\ud83c\udf3f <strong>Looduslik ja k\u00e4sitsi korjatud<\/strong> kohalike p\u00f5llumajanduskogukondade poolt Togo viljakates piirkondades.<\/p>\n                <p style=\"margin-top: 10px;\">\ud83d\udc9a <strong>Tervisetooted:<\/strong> Hibiski\u00f5is on tuntud oma arvukate tervislike omaduste poolest, sealhulgas s\u00fcdame-veresoonkonna tervise toetamine, antioks\u00fcdantide rikkus ja looduslik C-vitamiini sisaldus.<\/p>\n                <p style=\"margin-top: 10px;\">\ud83e\udd1d <strong>Aus kaubandus:<\/strong> See toode toetab j\u00e4tkusuutlikku arengut ja annab v\u00f5imalusi kohalikele kogukondadele Centre des Hommes programmi kaudu, tagades \u00f5iglase tasu p\u00f5llumeestele ja nende peredele.<\/p>\n                <p style=\"margin-top: 10px;\">\ud83c\udf0d <strong>Keskkonnas\u00f5bralik:<\/strong> Kasvatatud ilma pestitsiidideta, kasutades traditsioonilisi, \u00f6koloogilisi p\u00f5llumajandusmeetodeid, mis s\u00e4ilitavad Togo bioloogilist mitmekesisust.<\/p>\n            <\/div>\n\n            <h2>\ud83c\udf3f Tervisetooted ja Kasutamine<\/h2>\n            <div class=\"benefits-section\">\n                <p><strong>Kuivatatud hibiski\u00f5is<\/strong> sobib bissapi mahla ja tee t\u00f5mmise valmistamiseks. Toimi nii:<\/p>\n                \n                <div class=\"recipe-box\">\n                    <h3>\u2615 Tee T\u00f5mmis<\/h3>\n                    <p>Lisa igasse tassi 1 supilusikat\u00e4is kuivatatud hibiski\u00f5it ja vala peale tass keevat puhast vett. Lase t\u00f5mmata 10 minutit. Kurna ja joo kuumalt v\u00f5i k\u00fclmalt, vastavalt eelistusele.<\/p>\n                <\/div>\n\n                <div class=\"recipe-box\">\n                    <h3>\ud83e\udd64 Bissapi Mahl<\/h3>\n                    <p>Keeda 2 liitrit puhast vett (umbes 100 \u00b0C) ja vala see potti, kus on 50 g hibiskit. Lisa 20 g sidrunheina ja ananassikoored ning basiilikulehed. Kata pott 30 minutiks. Kurna bissapi mahl ja magusta eelistatult pruuni suhkruga. Valmis &#8211; joo k\u00fclmalt.<\/p>\n                <\/div>\n            <\/div>\n        <\/div>\n    <\/div>\n\n    <!-- Footer -->\n    <footer>\n        <p><strong>TogoSunny &#8211; Premium Natural Products from Togo | Produits Naturels Premium du Togo | Premium Looduslikud Tooted Togost<\/strong><\/p>\n        <p>\u00a9 TogoSunny. All rights reserved.<\/p>\n    <\/footer>\n\n    <script>\n        function switchLanguage(lang) {\n            \/\/ Hide all content sections\n            const sections = document.querySelectorAll('.content-section');\n            sections.forEach(section => section.classList.remove('active'));\n            \n            \/\/ Remove active class from all buttons\n            const buttons = document.querySelectorAll('.lang-btn');\n            buttons.forEach(btn => btn.classList.remove('active'));\n            \n            \/\/ Show selected language content\n            document.getElementById(lang).classList.add('active');\n            \n            \/\/ Add active class to clicked button\n            event.currentTarget.classList.add('active');\n            \n            \/\/ Scroll to top\n            window.scrollTo({ top: 0, behavior: 'smooth' });\n        }\n    <\/script>\n<\/body>\n<\/html>\n","protected":false},"excerpt":{"rendered":"<p>Traceability &#8211; Hibiscus Dried Flower | HIBFLOWER-TG-2512-27 \ud83c\uddec\ud83c\udde7 English \ud83c\uddeb\ud83c\uddf7 Fran\u00e7ais \ud83c\uddea\ud83c\uddea Eesti \ud83c\udf3a Hibiscus Dried Flower Premium Quality from Togo \u20ac5.00 \/ 50 g Batch Number: HIBFLOWER-TG-2512-27 \ud83d\udccb Traceability Information Product Hibiscus Dried Flower Village \/ Area \u2022 Kara \/ Koza\u2022 Kpalim\u00e9 \/ Kloto Producers \u2022 Centre des Hommes &#8211; farmers group \u2022 Local [&hellip;]<\/p>\n","protected":false},"author":2,"featured_media":0,"parent":0,"menu_order":0,"comment_status":"closed","ping_status":"closed","template":"","meta":{"footnotes":""},"class_list":["post-26732","page","type-page","status-publish","hentry"],"_links":{"self":[{"href":"https:\/\/togosunny.com\/en\/wp-json\/wp\/v2\/pages\/26732","targetHints":{"allow":["GET"]}}],"collection":[{"href":"https:\/\/togosunny.com\/en\/wp-json\/wp\/v2\/pages"}],"about":[{"href":"https:\/\/togosunny.com\/en\/wp-json\/wp\/v2\/types\/page"}],"author":[{"embeddable":true,"href":"https:\/\/togosunny.com\/en\/wp-json\/wp\/v2\/users\/2"}],"replies":[{"embeddable":true,"href":"https:\/\/togosunny.com\/en\/wp-json\/wp\/v2\/comments?post=26732"}],"version-history":[{"count":3,"href":"https:\/\/togosunny.com\/en\/wp-json\/wp\/v2\/pages\/26732\/revisions"}],"predecessor-version":[{"id":26741,"href":"https:\/\/togosunny.com\/en\/wp-json\/wp\/v2\/pages\/26732\/revisions\/26741"}],"wp:attachment":[{"href":"https:\/\/togosunny.com\/en\/wp-json\/wp\/v2\/media?parent=26732"}],"curies":[{"name":"wp","href":"https:\/\/api.w.org\/{rel}","templated":true}]}}