{"id":24574,"date":"2025-09-24T13:17:21","date_gmt":"2025-09-24T10:17:21","guid":{"rendered":"https:\/\/togosunny.com\/cookie-poliitika\/"},"modified":"2025-09-24T13:17:22","modified_gmt":"2025-09-24T10:17:22","slug":"cookie-poliitika","status":"publish","type":"page","link":"https:\/\/togosunny.com\/et\/cookie-poliitika\/","title":{"rendered":"COOKIE-POLIITIKA"},"content":{"rendered":"<p>See sait kasutab k\u00fcpsiseid &#8211; v\u00e4ikesed tekstifailid, mis paigutatakse teie seadmesse, et aidata saidil pakkuda paremat kasutajakogemust. \u00dcldiselt kasutatakse k\u00fcpsiseid selleks, et s\u00e4ilitada kasutaja eelistusi, salvestada teavet n\u00e4iteks ostukorvide jaoks ja edastada anon\u00fc\u00fcmseid j\u00e4lgimisandmeid kolmandatele osapooltele, n\u00e4iteks Google Analyticsile. Reeglina muudavad k\u00fcpsised teie sirvimiskogemuse paremaks. Te v\u00f5ite siiski eelistada k\u00fcpsiste keelamist sellel ja teistel veebilehtedel. K\u00f5ige t\u00f5husam viis selleks on keelata k\u00fcpsised oma brauseris.      <\/p>\n\n<p><\/p>\n","protected":false},"excerpt":{"rendered":"<p>See sait kasutab k\u00fcpsiseid &#8211; v\u00e4ikesed tekstifailid, mis paigutatakse teie seadmesse, et aidata saidil pakkuda paremat kasutajakogemust. \u00dcldiselt kasutatakse k\u00fcpsiseid selleks, et s\u00e4ilitada kasutaja eelistusi, salvestada teavet n\u00e4iteks ostukorvide jaoks ja edastada anon\u00fc\u00fcmseid j\u00e4lgimisandmeid kolmandatele osapooltele, n\u00e4iteks Google Analyticsile. Reeglina muudavad k\u00fcpsised teie sirvimiskogemuse paremaks. Te v\u00f5ite siiski eelistada k\u00fcpsiste keelamist sellel ja teistel veebilehtedel. [&hellip;]<\/p>\n","protected":false},"author":2,"featured_media":0,"parent":0,"menu_order":0,"comment_status":"closed","ping_status":"closed","template":"","meta":{"footnotes":""},"class_list":["post-24574","page","type-page","status-publish","hentry"],"_links":{"self":[{"href":"https:\/\/togosunny.com\/et\/wp-json\/wp\/v2\/pages\/24574","targetHints":{"allow":["GET"]}}],"collection":[{"href":"https:\/\/togosunny.com\/et\/wp-json\/wp\/v2\/pages"}],"about":[{"href":"https:\/\/togosunny.com\/et\/wp-json\/wp\/v2\/types\/page"}],"author":[{"embeddable":true,"href":"https:\/\/togosunny.com\/et\/wp-json\/wp\/v2\/users\/2"}],"replies":[{"embeddable":true,"href":"https:\/\/togosunny.com\/et\/wp-json\/wp\/v2\/comments?post=24574"}],"version-history":[{"count":0,"href":"https:\/\/togosunny.com\/et\/wp-json\/wp\/v2\/pages\/24574\/revisions"}],"wp:attachment":[{"href":"https:\/\/togosunny.com\/et\/wp-json\/wp\/v2\/media?parent=24574"}],"curies":[{"name":"wp","href":"https:\/\/api.w.org\/{rel}","templated":true}]}}