{"id":27210,"date":"2026-03-03T15:19:15","date_gmt":"2026-03-03T13:19:15","guid":{"rendered":"https:\/\/togosunny.com\/kuivatatud-puuviljasegu-mango-ananass-banaan-papaia-ja-ingver-togosunny\/"},"modified":"2026-04-07T13:40:18","modified_gmt":"2026-04-07T10:40:18","slug":"kuivatatud-puuviljasegu-mango-ananass-banaan-papaia-ja-ingver-togosunny","status":"publish","type":"product","link":"https:\/\/togosunny.com\/et\/kuivatatud-puuviljasegu-mango-ananass-banaan-papaia-ja-ingver-togosunny\/","title":{"rendered":"Kuivatatud puuviljasegu &#8211; mango, ananass, banaan, papaia ja ingver | TogoSunny"},"content":{"rendered":"<h1 class=\"text-text-100 mt-3 -mb-1 text-[1.375rem] font-bold\">\ud83c\udf4d\ud83c\udf4c\ud83e\udd6d\ud83e\udde1 TogoSunny troopiliste kuivatatud puuviljade segu &#8211; Mango \u00b7 Ananass \u00b7 Kookos \u00b7 Papaia<\/h1>\n<p class=\"font-claude-response-body break-words whitespace-normal leading-[1.7]\"><strong>Maitse troopikat, tunne erinevust.<\/strong><\/p>\n<p class=\"font-claude-response-body break-words whitespace-normal leading-[1.7]\">Meie <strong>100% looduslik troopiliste kuivatatud puuviljade segu<\/strong> \u00fchendab neli hoolikalt valitud L\u00e4\u00e4ne-Aafrika vilja \u00fches mugavas taassuletavas pakendis. Korjatud k\u00fcpsuse tipul, \u00f5rnalt \u00f5hu k\u00e4es kuivatatud ning valmistatud ilma lisatud suhkru ja s\u00e4ilitusaineteta \u2013 lihtsalt puhas puuvili nagu see peab olema. <strong>Kerge looduslik ingveri v\u00fcrts lisab m\u00f5nusa n\u00fcansi.<\/strong><\/p>\n<hr class=\"border-border-200 border-t-0.5 my-3 mx-1.5\" \/>\n<h2 class=\"text-text-100 mt-3 -mb-1 text-[1.125rem] font-bold\">\ud83c\udf0d P\u00e4ritolu ja hankimine &#8211; otse L\u00e4\u00e4ne-Aafrikast<\/h2>\n<p class=\"font-claude-response-body break-words whitespace-normal leading-[1.7]\">K\u00f5ik selle segu puuviljad p\u00e4rinevad <strong>hoolikalt valitud farmidest Togos, L\u00e4\u00e4ne-Aafrikas<\/strong> \u2013 piirkonnast, mis on tuntud oma viljaka pinnase, troopilise kliima ja pika p\u00f5llumajandustraditsiooni poolest.<\/p>\n<p class=\"font-claude-response-body break-words whitespace-normal leading-[1.7]\">Valides TogoSunny, toetad <strong>kohalikke Togolase p\u00f5llumajanduskogukondi<\/strong> ja autentseid tootmisviise.<\/p>\n<p class=\"font-claude-response-body break-words whitespace-normal leading-[1.7]\">\ud83c\udf0d Saadetud Togost Euroopasse | \ud83d\udce6 Kiire tarne Eestisse ja EL-i (levitaja <strong>TogoSunny O\u00dc<\/strong>, Tallinn)<\/p>\n<hr class=\"border-border-200 border-t-0.5 my-3 mx-1.5\" \/>\n<h2>\ud83d\udcca Toitumisalane teave (100 g kohta)<\/h2>\n<div style=\"background-color: #f3eed3 !important; border-radius: 10px !important; padding: 18px 20px !important; margin: 12px 0 !important;\">\n<table style=\"width: 100% !important; border-collapse: collapse !important; font-size: 0.93rem !important; font-family: sans-serif !important; background-color: #f3eed3 !important;\">\n<thead>\n<tr style=\"background-color: #d4b86a !important;\">\n<th style=\"background-color: #d4b86a !important; color: #2d2d2d !important; padding: 8px 12px !important; text-align: left !important; border: none !important;\">Toitaine<\/th>\n<th style=\"background-color: #d4b86a !important; color: #2d2d2d !important; padding: 8px 12px !important; text-align: left !important; border: none !important;\">Kogus<\/th>\n<\/tr>\n<\/thead>\n<tbody style=\"background-color: #f3eed3 !important;\">\n<tr style=\"background-color: #f3eed3 !important;\">\n<td style=\"padding: 8px 12px !important; border-bottom: 1px solid #e8ddb0 !important; background-color: #f3eed3 !important; color: #2d2d2d !important;\"><strong>Energia<\/strong><\/td>\n<td style=\"padding: 8px 12px !important; border-bottom: 1px solid #e8ddb0 !important; background-color: #f3eed3 !important; color: #2d2d2d !important;\">320 kcal<\/td>\n<\/tr>\n<tr style=\"background-color: #ece6c2 !important;\">\n<td style=\"padding: 8px 12px !important; border-bottom: 1px solid #e8ddb0 !important; background-color: #ece6c2 !important; color: #2d2d2d !important;\"><strong>Rasv<\/strong><\/td>\n<td style=\"padding: 8px 12px !important; border-bottom: 1px solid #e8ddb0 !important; background-color: #ece6c2 !important; color: #2d2d2d !important;\">8.0 g<\/td>\n<\/tr>\n<tr style=\"background-color: #f3eed3 !important;\">\n<td style=\"padding: 8px 12px !important; border-bottom: 1px solid #e8ddb0 !important; background-color: #f3eed3 !important; color: #2d2d2d !important;\">millest k\u00fcllastunud rasvhapped<\/td>\n<td style=\"padding: 8px 12px !important; border-bottom: 1px solid #e8ddb0 !important; background-color: #f3eed3 !important; color: #2d2d2d !important;\">6.0 g<\/td>\n<\/tr>\n<tr style=\"background-color: #ece6c2 !important;\">\n<td style=\"padding: 8px 12px !important; border-bottom: 1px solid #e8ddb0 !important; background-color: #ece6c2 !important; color: #2d2d2d !important;\"><strong>S\u00fcsivesikud<\/strong><\/td>\n<td style=\"padding: 8px 12px !important; border-bottom: 1px solid #e8ddb0 !important; background-color: #ece6c2 !important; color: #2d2d2d !important;\">60 g<\/td>\n<\/tr>\n<tr style=\"background-color: #f3eed3 !important;\">\n<td style=\"padding: 8px 12px !important; border-bottom: 1px solid #e8ddb0 !important; background-color: #f3eed3 !important; color: #2d2d2d !important;\">millest suhkrud<\/td>\n<td style=\"padding: 8px 12px !important; border-bottom: 1px solid #e8ddb0 !important; background-color: #f3eed3 !important; color: #2d2d2d !important;\">6 g<\/td>\n<\/tr>\n<tr style=\"background-color: #ece6c2 !important;\">\n<td style=\"padding: 8px 12px !important; border-bottom: 1px solid #e8ddb0 !important; background-color: #ece6c2 !important; color: #2d2d2d !important;\"><strong>Valgud<\/strong><\/td>\n<td style=\"padding: 8px 12px !important; border-bottom: 1px solid #e8ddb0 !important; background-color: #ece6c2 !important; color: #2d2d2d !important;\">3 g<\/td>\n<\/tr>\n<tr style=\"background-color: #f3eed3 !important;\">\n<td style=\"padding: 8px 12px !important; border-bottom: 1px solid #e8ddb0 !important; background-color: #f3eed3 !important; color: #2d2d2d !important;\">Sool<\/td>\n<td style=\"padding: 8px 12px !important; border-bottom: 1px solid #e8ddb0 !important; background-color: #f3eed3 !important; color: #2d2d2d !important;\">0.03 g<\/td>\n<\/tr>\n<\/tbody>\n<\/table>\n<\/div>\n<p class=\"font-claude-response-body break-words whitespace-normal leading-[1.7]\"><em>Ei sisalda lisatud suhkruid ega kunstlikke koostisosi.<\/em><\/p>\n<hr class=\"border-border-200 border-t-0.5 my-3 mx-1.5\" \/>\n<h2 class=\"text-text-100 mt-3 -mb-1 text-[1.125rem] font-bold\">\ud83c\udf7d\ufe0f Maitse ja tekstuur<\/h2>\n<p class=\"font-claude-response-body break-words whitespace-normal leading-[1.7]\">Magus, n\u00e4tske ja loomulikult rikkalik \u2013 tasakaalustatud troopiline maitse.<\/p>\n<ul class=\"[li_&amp;]:mb-0 [li_&amp;]:mt-1 [li_&amp;]:gap-1 [&amp;:not(:last-child)_ul]:pb-1 [&amp;:not(:last-child)_ol]:pb-1 list-disc flex flex-col gap-1 pl-8 mb-3\">\n<li class=\"whitespace-normal break-words pl-2\"><strong>Mango<\/strong> annab s\u00fcgava loodusliku magususe<\/li>\n<li class=\"whitespace-normal break-words pl-2\"><strong>Ananass<\/strong> lisab kergelt hapuka noodi<\/li>\n<li class=\"whitespace-normal break-words pl-2\"><strong>Kookos<\/strong> annab pehme ja rikkaliku tekstuuri<\/li>\n<li class=\"whitespace-normal break-words pl-2\"><strong>Papaia<\/strong> pakub mahedat magusust ja pehmust<\/li>\n<\/ul>\n<p class=\"font-claude-response-body break-words whitespace-normal leading-[1.7]\">Lihtne ja nauditav suupiste igaks hetkeks.<\/p>\n<hr class=\"border-border-200 border-t-0.5 my-3 mx-1.5\" \/>\n<h2 class=\"text-text-100 mt-3 -mb-1 text-[1.125rem] font-bold\">\ud83e\udd63 Sobib h\u00e4sti<\/h2>\n<p class=\"font-claude-response-body break-words whitespace-normal leading-[1.7]\"><strong>\ud83c\udf7f Sn\u00e4kk<\/strong> &#8211; valmis s\u00f6\u00f6miseks igal ajal.<\/p>\n<p class=\"font-claude-response-body break-words whitespace-normal leading-[1.7]\"><strong>\ud83e\udd63 Hommikus\u00f6\u00f6k<\/strong> &#8211; lisa jogurtile, pudrule v\u00f5i m\u00fcslile.<\/p>\n<p class=\"font-claude-response-body break-words whitespace-normal leading-[1.7]\"><strong>\ud83e\udd64 Smuutid<\/strong> &#8211; sega piima v\u00f5i taimse joogiga.<\/p>\n<p class=\"font-claude-response-body break-words whitespace-normal leading-[1.7]\"><strong>\ud83e\uddc1 K\u00fcpsetamine<\/strong> &#8211; kasuta kookides v\u00f5i muffinites.<\/p>\n<p class=\"font-claude-response-body break-words whitespace-normal leading-[1.7]\"><strong>\ud83e\udd57 Salatid<\/strong> &#8211; lisa naturaalne magus n\u00fcanss.<\/p>\n<hr class=\"border-border-200 border-t-0.5 my-3 mx-1.5\" \/>\n<h2 class=\"text-text-100 mt-3 -mb-1 text-[1.125rem] font-bold\">\ud83d\udce6 S\u00e4ilitamine ja pakend<\/h2>\n<p class=\"font-claude-response-body break-words whitespace-normal leading-[1.7]\">Hoida <strong>jahedas ja kuivas kohas<\/strong>, eemal otsesest p\u00e4ikesevalgusest. <strong>Taassuletav 100 g pakend<\/strong> aitab hoida toote v\u00e4rskena.<\/p>\n<p class=\"font-claude-response-body break-words whitespace-normal leading-[1.7]\">P\u00e4rast avamist sulge hoolikalt ja tarbi 4\u20136 n\u00e4dala jooksul.<\/p>\n<hr class=\"border-border-200 border-t-0.5 my-3 mx-1.5\" \/>\n<h2 class=\"text-text-100 mt-3 -mb-1 text-[1.125rem] font-bold\">\ud83d\ude9a Tarne ja p\u00e4ritolu<\/h2>\n<p class=\"font-claude-response-body break-words whitespace-normal leading-[1.7]\">Levitaja <strong>TogoSunny O\u00dc<\/strong>, asukohaga <strong>Tallinn, Eesti<\/strong>. Kiire tarne \u00fcle Eesti ja Euroopa Liidu.<\/p>\n<p class=\"font-claude-response-body break-words whitespace-normal leading-[1.7]\">\ud83c\udf0d Saadetud Togost Euroopasse | \ud83d\udce6 Usaldusv\u00e4\u00e4rne EL tarne<\/p>\n<hr class=\"border-border-200 border-t-0.5 my-3 mx-1.5\" \/>\n<p class=\"font-claude-response-body break-words whitespace-normal leading-[1.7]\">\u2705 Gluteenivaba | \ud83c\udf31 Vegan | \ud83d\udeab Ei sisalda lisatud suhkrut | \ud83d\udeab Ei sisalda s\u00e4ilitusaineid<\/p>\n<hr class=\"border-border-200 border-t-0.5 my-3 mx-1.5\" \/>\n<p class=\"font-claude-response-body break-words whitespace-normal leading-[1.7]\"><strong>\ud83d\uded2 Lisa ostukorvi ja naudi looduslikku troopilist sn\u00e4kki.<\/strong><\/p>\n<p><a href=\"https:\/\/togosunny.com\/et\/kuivatatud-puuviljad\/\" target=\"_blank\" rel=\"noopener\">Loe rohkem kuivatatud puuviljade kohta<\/a><\/p>\n","protected":false},"excerpt":{"rendered":"<p class=\"font-claude-response-body break-words whitespace-normal leading-[1.7]\">\nOtsid looduslikku ja maitsvat sn\u00e4kki?<br \/>\nMeie TogoSunny <strong>troopiliste kuivatatud puuviljade segu sisaldab p\u00e4ikesek\u00fcpset mangot, ananassi, banaani, papaiat ja ingverit<\/strong>, mis p\u00e4rinevad L\u00e4\u00e4ne-Aafrika farmidest \u2014 ilma lisatud suhkru ja s\u00e4ilitusaineteta.\n<\/p>\n<p class=\"font-claude-response-body break-words whitespace-normal leading-[1.7]\">\nSobib igaks hetkeks: naudi liikvel olles, lisa hommikus\u00f6\u00f6gile v\u00f5i kasuta oma lemmikretseptides. Iga 100 g taassuletav pakend aitab hoida sn\u00e4ki v\u00e4rske ja mugavalt kaasaskantavana.\n<\/p>\n<p class=\"font-claude-response-body break-words whitespace-normal leading-[1.7]\">\n\ud83d\uded2\ud83d\udc49 <strong>Telli kohe<\/strong><\/p>\n","protected":false},"featured_media":27620,"comment_status":"open","ping_status":"closed","template":"","meta":[],"product_brand":[],"product_cat":[802,804],"product_tag":[948,949,925,947,950,905],"class_list":{"0":"post-27210","1":"product","2":"type-product","3":"status-publish","4":"has-post-thumbnail","6":"product_cat---looduslikud-ja-originaalsed-toidud----","7":"product_cat----suupisted-ja-kuivatatud-puuviljad","8":"product_tag-ananass","9":"product_tag-banaan","10":"product_tag-kuivatatud-puuviljad","11":"product_tag-kuivatatud-puuviljasegu-mango","12":"product_tag-papaia-ja-ingver","13":"product_tag-togosunnyfoods","15":"first","16":"instock","17":"shipping-taxable","18":"purchasable","19":"product-type-simple"},"_links":{"self":[{"href":"https:\/\/togosunny.com\/et\/wp-json\/wp\/v2\/product\/27210","targetHints":{"allow":["GET"]}}],"collection":[{"href":"https:\/\/togosunny.com\/et\/wp-json\/wp\/v2\/product"}],"about":[{"href":"https:\/\/togosunny.com\/et\/wp-json\/wp\/v2\/types\/product"}],"replies":[{"embeddable":true,"href":"https:\/\/togosunny.com\/et\/wp-json\/wp\/v2\/comments?post=27210"}],"wp:featuredmedia":[{"embeddable":true,"href":"https:\/\/togosunny.com\/et\/wp-json\/wp\/v2\/media\/27620"}],"wp:attachment":[{"href":"https:\/\/togosunny.com\/et\/wp-json\/wp\/v2\/media?parent=27210"}],"wp:term":[{"taxonomy":"product_brand","embeddable":true,"href":"https:\/\/togosunny.com\/et\/wp-json\/wp\/v2\/product_brand?post=27210"},{"taxonomy":"product_cat","embeddable":true,"href":"https:\/\/togosunny.com\/et\/wp-json\/wp\/v2\/product_cat?post=27210"},{"taxonomy":"product_tag","embeddable":true,"href":"https:\/\/togosunny.com\/et\/wp-json\/wp\/v2\/product_tag?post=27210"}],"curies":[{"name":"wp","href":"https:\/\/api.w.org\/{rel}","templated":true}]}}