{"id":27391,"date":"2024-12-13T00:20:45","date_gmt":"2024-12-12T22:20:45","guid":{"rendered":"https:\/\/togosunny.com\/moringaoli-10-e-10-ml\/"},"modified":"2026-03-14T18:27:05","modified_gmt":"2026-03-14T16:27:05","slug":"moringaoli-10-e-10-ml","status":"publish","type":"product","link":"https:\/\/togosunny.com\/et\/moringaoli-10-e-10-ml\/","title":{"rendered":"Moringa\u00f5li &#8211; 10 \u20ac \/ 10 ml"},"content":{"rendered":"<h4><strong>Moringa\u00f5li<\/strong> kasutatakse traditsiooniliselt: kosmeetilise koostisosana juuste ja naha hoolduses.<\/h4>\n<h4><strong>Moringa taime\u00f5li omadused<\/strong>:<\/h4>\n<h4><strong>Juuksehoolduse koostisosana<\/strong> on moringa taime\u00f5li tuntud j\u00e4rgmiste omaduste poolest:<\/h4>\n<ul>\n<li>Katab ja toidab juuksekiudu, tugevdab juukseid juurtest otsteni, aitab v\u00e4ltida murdumist ja kaitseb juukseotsi<\/li>\n<li>Muudab juuksed kaunimaks, pehmendab ning taastab kuivade ja tuhmide juuste s\u00e4ra<\/li>\n<li>M\u00e4\u00e4ratleb lokid lokkis ja kr\u00e4sustes juustes ning toidab ja elustab kuivi afrojuukseid<\/li>\n<li>Aitab taltsutada raskesti hallatavaid juukseid ja v\u00e4hendada kahusust<\/li>\n<\/ul>\n<h4><strong>Nahahoolduse kosmeetilise koostisosana<\/strong> on moringa taime\u00f5li tuntud j\u00e4rgmiste omaduste poolest:<\/h4>\n<ul>\n<li>Toitev ja kaitsev, aitab hoida naha pehme ja niisutatuna, aeglustades niiskuse kadu<\/li>\n<li>Pehmendab ja silub nahka<\/li>\n<li>Rikkalik ja pehme, kuid mitte rasvane \u2013 imendub kiiresti nahka<\/li>\n<li>Hea oks\u00fcdatsioonikindlus, ei r\u00e4\u00e4su kergesti ega soodusta mustpeade teket<\/li>\n<\/ul>\n<h4><strong>Kasutamine juustele:<\/strong><\/h4>\n<p>&#8211; Moringa taime\u00f5li sobib eriti h\u00e4sti:<\/p>\n<p>&#8211; lokkis, kr\u00e4suste ja afrojuuste jaoks<\/p>\n<p>&#8211; kuivade, karedate ja haprate juuste jaoks<\/p>\n<p>&#8211; kahjustatud ja l\u00f5henenud juukseotste jaoks<\/p>\n<p>&#8211; kahjustatud, v\u00e4rvitud v\u00f5i blondeeritud juuste jaoks<\/p>\n<p>&#8211; raskesti taltsutatavate juuste jaoks<\/p>\n<h4><strong>Moringa taime\u00f5li<\/strong> saab kasutada koostisosana j\u00e4rgmiste toodete valmistamisel:<\/h4>\n<p>&#8211; tugevdavad \u00f5livannid juustele<\/p>\n<p>&#8211; niisutavad ja toitvad juuksespreid v\u00f5i stiliseerimisspreid niiskuse lukustamiseks<\/p>\n<p>&#8211; parandavad seerumid juukseotstele<\/p>\n<p>&#8211; juustesse j\u00e4etavad kreemid (leave-in)<\/p>\n<p>&#8211; toitvad ja kaitsvad palsamid<\/p>\n<p>&#8211; toitvad ja tugevdavad kreem\u0161ampoonid<\/p>\n<h4><strong>Kasutamine nahale:<\/strong><\/h4>\n<p>&#8211; Moringa taime\u00f5li sobib eriti h\u00e4sti:<\/p>\n<p>&#8211; kuivale kuni v\u00e4ga kuivale nahale<\/p>\n<p>&#8211; deh\u00fcdreeritud nahale<\/p>\n<p>&#8211; kahjustatud v\u00f5i tundlikule nahale<\/p>\n<p>&#8211; k\u00fcpsele nahale<\/p>\n<h4><strong>Moringa taime\u00f5li<\/strong> saab kasutada koostisosana j\u00e4rgmiste toodete valmistamisel:<\/h4>\n<p>&#8211; n\u00e4o- ja kehaseerumid ning \u00f5lid<\/p>\n<p>&#8211; taastavad palsamid<\/p>\n<p>&#8211; toitvad kreemid<\/p>\n<p>&#8211; kehapiimad ja puhastuspiimad<\/p>\n<p>&#8211; massaa\u017ei\u00f5lid<\/p>\n<p>&#8211; p\u00e4ikesej\u00e4rgne hooldus<\/p>\n<p>\u26a0\ufe0f \u00dclaltoodud omadused, kasutusviisid ja n\u00e4idustused p\u00e4rinevad aroomiteraapia, h\u00fcdrolaatide ja f\u00fctoteraapia k\u00e4sitlevatest teatmeteostest v\u00f5i veebiallikatest. See teave on esitatud ainult \u00fcldiseks informatsiooniks ega ole meditsiiniline n\u00f5uanne. Seda ei tohi kasutada arsti diagnoosi, konsultatsiooni ega meditsiinilise j\u00e4lgimise asendamiseks. Kahtluse korral soovitame enne eeterlike \u00f5lide kasutamist konsulteerida arstiga.<\/p>\n<p><a href=\"https:\/\/togosunny.com\/moringa-oleifera\/\" target=\"_blank\" rel=\"noopener\">Loe kahte moringa\u00f5li retsepti, mida sulle pakume<\/a><\/p>\n","protected":false},"excerpt":{"rendered":"<p><span style=\"font-weight: 400;\"><strong>Moringa\u00f5li<\/strong> kasutatakse traditsiooniliselt juuste ja naha toitmiseks, tugevdamiseks ning kaitsmiseks. <\/span><span style=\"font-weight: 400;\">Togos moringaseemnetest saadud \u00f5li aitab kaitsta juukseid vabade radikaalide eest ning hoiab need puhtad ja terved. <\/span><span style=\"font-weight: 400;\">T\u00e4nu suurele beheenhappe sisaldusele on see k\u00fclmpressitud neitsi\u00f5li erakordne juuksehooldus\u00f5li, mis katab juuksekiu ja kaitseb kahjustatud juukseotsi. <\/span><span style=\"font-weight: 400;\">Moringa sisaldab ka valke, mis aitavad kaitsta naharakke kahjustuste eest. See pehme ja toitev \u00f5li sobib suurep\u00e4raselt ka kuiva ja tundliku naha parandamiseks ja pehmendamiseks. <\/span><span style=\"font-weight: 400;\">Lisaks sisaldab see niisutavaid ja detoksifitseerivaid \u00fchendeid, mis aitavad tugevdada nii nahka kui ka juukseid. <\/span><span style=\"font-weight: 400;\">Lisaks paljudele kasulikele omadustele teeb selle v\u00e4ga hea oks\u00fcdatsioonistabiilsus sellest kosmeetikas v\u00e4ga hinnatud \u00f5li.<\/span><\/p>\n","protected":false},"featured_media":27390,"comment_status":"open","ping_status":"closed","template":"","meta":[],"product_brand":[],"product_cat":[858,860,862],"product_tag":[998,996,1000,1012,997,994,1010,1002,1001,1011,995,1013,1004],"class_list":{"0":"post-27391","1":"product","2":"type-product","3":"status-publish","4":"has-post-thumbnail","6":"product_cat---puhas-ja-rafineerimata-oli","7":"product_cat--aafrika-troopilised-toiduolid","8":"product_cat--eeterlikud-ja-aromaatsed-olid","9":"product_tag-aafrika-basiilik","10":"product_tag-aromaatne","11":"product_tag-avokaado","12":"product_tag-citronella","13":"product_tag-destillaat","14":"product_tag-eeterlik","15":"product_tag-kalebass","16":"product_tag-kokoos","17":"product_tag-moringa","18":"product_tag-oli-2","19":"product_tag-olid","20":"product_tag-piparmunt","21":"product_tag-togosunnyoli-2","23":"first","24":"instock","25":"shipping-taxable","26":"purchasable","27":"product-type-simple"},"_links":{"self":[{"href":"https:\/\/togosunny.com\/et\/wp-json\/wp\/v2\/product\/27391","targetHints":{"allow":["GET"]}}],"collection":[{"href":"https:\/\/togosunny.com\/et\/wp-json\/wp\/v2\/product"}],"about":[{"href":"https:\/\/togosunny.com\/et\/wp-json\/wp\/v2\/types\/product"}],"replies":[{"embeddable":true,"href":"https:\/\/togosunny.com\/et\/wp-json\/wp\/v2\/comments?post=27391"}],"wp:featuredmedia":[{"embeddable":true,"href":"https:\/\/togosunny.com\/et\/wp-json\/wp\/v2\/media\/27390"}],"wp:attachment":[{"href":"https:\/\/togosunny.com\/et\/wp-json\/wp\/v2\/media?parent=27391"}],"wp:term":[{"taxonomy":"product_brand","embeddable":true,"href":"https:\/\/togosunny.com\/et\/wp-json\/wp\/v2\/product_brand?post=27391"},{"taxonomy":"product_cat","embeddable":true,"href":"https:\/\/togosunny.com\/et\/wp-json\/wp\/v2\/product_cat?post=27391"},{"taxonomy":"product_tag","embeddable":true,"href":"https:\/\/togosunny.com\/et\/wp-json\/wp\/v2\/product_tag?post=27391"}],"curies":[{"name":"wp","href":"https:\/\/api.w.org\/{rel}","templated":true}]}}