{"id":27448,"date":"2025-01-26T00:13:15","date_gmt":"2025-01-25T22:13:15","guid":{"rendered":"https:\/\/togosunny.com\/aafrika-basiilikuoli-20-e-10-ml\/"},"modified":"2026-03-17T15:50:43","modified_gmt":"2026-03-17T13:50:43","slug":"aafrika-basiilikuoli-20-e-10-ml","status":"publish","type":"product","link":"https:\/\/togosunny.com\/et\/aafrika-basiilikuoli-20-e-10-ml\/","title":{"rendered":"Aafrika basiiliku\u00f5li &#8211; 20 \u20ac \/ 10 ml"},"content":{"rendered":"<h4><span style=\"font-weight: 400;\"><strong>Aafrika basiiliku eeterlik \u00f5li<\/strong> <span style=\"color: #000000;\">kasutatakse traditsiooniliselt j\u00e4rgmiste probleemide korral: akne, vistrikud, v\u00e4simus, kurnatus, sooleparasiidid<\/span><\/span><\/h4>\n<h4><strong>Aafrika basiiliku eeterliku \u00f5li omadused:<\/strong> <span style=\"color: #000000;\">Tervise valdkonnas on Aafrika basiiliku eeterlik \u00f5li tuntud j\u00e4rgmiste omaduste poolest:<\/span><\/h4>\n<h4><strong>Tervisem\u00f5jud<\/strong><\/h4>\n<ul>\n<li>Aitab tugevdada immuuns\u00fcsteemi.<\/li>\n<li>Uuringud n\u00e4itavad, et see v\u00f5ib aidata reguleerida trigl\u00fctseriidide, veresuhkru ja kolesterooli taset.<\/li>\n<li>Antioks\u00fcdant<\/li>\n<li>Nakkusvastane: antibakteriaalne, viirusevastane, parasiidivastane ja seenevastane.<\/li>\n<li>Valuvaigistav ja spasmol\u00fc\u00fctiline<\/li>\n<\/ul>\n<h4><strong>Heaolu omadused<\/strong><\/h4>\n<ul>\n<li>Vaimne toonik, elavdav<\/li>\n<li>Suurendab enesekindlust ja aitab tunda end tugevana (nii enda kui teiste silmis).<\/li>\n<li>Soodustab eneseavastust.<\/li>\n<li>Kaitseb ego ja aitab v\u00e4ltida eneseohverduslikku k\u00e4itumist teiste suhtes.<\/li>\n<li>Aitab avastada oma potentsiaali ning saavutada eesm\u00e4rke.<\/li>\n<li>Ajurveedas seostatakse seda eeterlikku \u00f5li juurt\u0161akraga (Muladhara). Selle v\u00e4rv on punane.<\/li>\n<\/ul>\n<h4><strong>Ilu omadused<\/strong><\/h4>\n<ul>\n<li>T\u00e4nu eugenooli sisaldusele on see v\u00f5imas antioks\u00fcdant ning suurep\u00e4rane vananemisvastane aine.<\/li>\n<li>Puhastav, aitab v\u00f5idelda naha ebapuhtustega<\/li>\n<\/ul>\n<h4><strong>Kasutamine tervises<\/strong> <span style=\"color: #000000;\">Traditsiooniliselt kasutatakse j\u00e4rgmiste seisundite parandamiseks:<\/span><\/h4>\n<p>Kolesterool, diabeet, liigne trigl\u00fctseriidide tase<br \/>\nHingamisteede infektsioonid<br \/>\nLihas- v\u00f5i liigesevalu: krambid, lihaspinged, artriit, osteoartriit, reuma<br \/>\nSooleparasiidid, seeninfektsioonid<br \/>\nRuumide puhastamine<br \/>\nNaha abstsessid, akne<\/p>\n<h4 class=\"container__title\"><strong>Kasutamine heaolus<\/strong> <span style=\"color: #000000;\">\u00d5rn n\u00e4rvis\u00fcsteem<\/span><\/h4>\n<h4 class=\"container__title\"><span style=\"color: #000000;\">Energia, tahtej\u00f5u ja visaduse puudumine<\/span><\/h4>\n<h4 class=\"container__title\"><span style=\"color: #000000;\">Vaimne ja f\u00fc\u00fcsiline v\u00e4simus<\/span><\/h4>\n<h4 class=\"container__title\"><span style=\"color: #000000;\">Otsustusv\u00f5imetus<\/span><\/h4>\n<h4 class=\"container__title\"><span style=\"color: #000000;\">Enesekindluse ja tulevikukindluse puudumine<\/span><\/h4>\n<h4 class=\"container__title\"><span style=\"color: #000000;\">Energia puudumine<\/span><\/h4>\n<h4><strong>Kasutamine ilu eesm\u00e4rgil<\/strong><\/h4>\n<h4><span style=\"color: #000000;\">K\u00fcps nahk, kortsuline nahk<\/span><\/h4>\n<h4><span style=\"color: #000000;\">V\u00e4sinud nahk<\/span><\/h4>\n<h4><span style=\"color: #000000;\">Ebakorrap\u00e4rasustele kalduv nahk<\/span><\/h4>\n<p>\u00dclaltoodud omadused, n\u00e4idustused ja kasutusviisid p\u00e4rinevad aroomiteraapia, h\u00fcdrolaatravi ja f\u00fctoteraapia k\u00e4siraamatutest v\u00f5i veebilehtedelt. See teave on esitatud ainult informatiivsel eesm\u00e4rgil ega kujuta endast meditsiinilist n\u00f5u. Seda ei tohi kasutada diagnoosi, konsultatsiooni ega meditsiinilise j\u00e4lgimise asendamiseks ning see ei too kaasa meie vastutust. Kahtluse korral soovitame enne eeterlike \u00f5lide kasutamist konsulteerida arstiga.<\/p>\n<p><a href=\"https:\/\/togosunny.com\/et\/oluline-aromaatiline-oli\/\" target=\"_blank\" rel=\"noopener\">Loe l\u00e4hemalt eeterlike \u00f5lide kohta<\/a><\/p>\n","protected":false},"excerpt":{"rendered":"<p>Toniseeriv ja puhastav, <strong>Aafrika basiiliku eeterlik \u00f5li<\/strong> on hinnatud oma rikkalike antioks\u00fcdantsete \u00fchendite poolest. V\u00e4ga energiat andev, on see tuntud oma stimuleeriva toime poolest kehale ja vaimule. Seda saab kasutada nahale kandmiseks ja massaa\u017eiks, kosmeetilise toimeainena ning ka aromaatse vanni valmistamiseks.<\/p>\n<p><span style=\"font-weight: 400;\"><strong>Meie oma on puhas, tervislik ja kontsentreeritud k\u00f5rgekvaliteediline \u00f5li.<\/strong> See sobib kasutamiseks nahal ja massaa\u017eiks, samuti kosmeetilise toimeainena ning lisaks ka ideaalselt ruumi l\u00f5hnastamiseks. Sobib ka aromaatseks vanniks. Seda v\u00f5ib kasutada ka toidus, kuid see ei ole soovitatav.<\/span><\/p>\n<p><span style=\"font-weight: 400;\">Togos kasvatatud, toodetud ja destilleeritud Aafrika basiilik (Ocimum gratissimum) on \u00fcks parimaid eeterlikke \u00f5lisid maailmas. Seda kasutatakse aroomiteraapias ja kosmeetikas ning sellel on mitmeid kasulikke omadusi inimese heaolu toetamiseks.<\/span><\/p>\n","protected":false},"featured_media":27447,"comment_status":"open","ping_status":"closed","template":"","meta":[],"product_brand":[],"product_cat":[858,862],"product_tag":[998,1033,996,1000,1012,997,994,999,1002,1001,1011,995,1013,1004],"class_list":{"0":"post-27448","1":"product","2":"type-product","3":"status-publish","4":"has-post-thumbnail","6":"product_cat---puhas-ja-rafineerimata-oli","7":"product_cat--eeterlikud-ja-aromaatsed-olid","8":"product_tag-aafrika-basiilik","9":"product_tag-aafrika-basiilikuoli-20-e-10-ml","10":"product_tag-aromaatne","11":"product_tag-avokaado","12":"product_tag-citronella","13":"product_tag-destillaat","14":"product_tag-eeterlik","15":"product_tag-kaneel","16":"product_tag-kokoos","17":"product_tag-moringa","18":"product_tag-oli-2","19":"product_tag-olid","20":"product_tag-piparmunt","21":"product_tag-togosunnyoli-2","23":"first","24":"instock","25":"shipping-taxable","26":"purchasable","27":"product-type-simple"},"_links":{"self":[{"href":"https:\/\/togosunny.com\/et\/wp-json\/wp\/v2\/product\/27448","targetHints":{"allow":["GET"]}}],"collection":[{"href":"https:\/\/togosunny.com\/et\/wp-json\/wp\/v2\/product"}],"about":[{"href":"https:\/\/togosunny.com\/et\/wp-json\/wp\/v2\/types\/product"}],"replies":[{"embeddable":true,"href":"https:\/\/togosunny.com\/et\/wp-json\/wp\/v2\/comments?post=27448"}],"wp:featuredmedia":[{"embeddable":true,"href":"https:\/\/togosunny.com\/et\/wp-json\/wp\/v2\/media\/27447"}],"wp:attachment":[{"href":"https:\/\/togosunny.com\/et\/wp-json\/wp\/v2\/media?parent=27448"}],"wp:term":[{"taxonomy":"product_brand","embeddable":true,"href":"https:\/\/togosunny.com\/et\/wp-json\/wp\/v2\/product_brand?post=27448"},{"taxonomy":"product_cat","embeddable":true,"href":"https:\/\/togosunny.com\/et\/wp-json\/wp\/v2\/product_cat?post=27448"},{"taxonomy":"product_tag","embeddable":true,"href":"https:\/\/togosunny.com\/et\/wp-json\/wp\/v2\/product_tag?post=27448"}],"curies":[{"name":"wp","href":"https:\/\/api.w.org\/{rel}","templated":true}]}}