{"id":27567,"date":"2025-06-13T01:49:25","date_gmt":"2025-06-12T22:49:25","guid":{"rendered":"https:\/\/togosunny.com\/individuaalne-lookpillimang-kooli-suvelaagritele\/"},"modified":"2026-04-01T13:01:19","modified_gmt":"2026-04-01T10:01:19","slug":"individuaalne-lookpillimang-kooli-suvelaagritele","status":"publish","type":"product","link":"https:\/\/togosunny.com\/et\/individuaalne-lookpillimang-kooli-suvelaagritele\/","title":{"rendered":"Individuaalne l\u00f6\u00f6kpillim\u00e4ng kooli suvelaagritele"},"content":{"rendered":"<p data-start=\"1132\" data-end=\"1225\"><strong data-start=\"1132\" data-end=\"1223\">Paku oma suvelaagrile v\u00f5i hariduslikule grupile r\u00fctmi ja kogukonna j\u00f5udu!<\/strong><\/p>\n<p data-start=\"1227\" data-end=\"1439\">See ainulaadne ja kaasahaarav <strong data-start=\"1253\" data-end=\"1275\">l\u00f6\u00f6kpillide sessioon<\/strong> on loodud spetsiaalselt <strong data-start=\"1303\" data-end=\"1342\">koolilastele, \u00fcli\u00f5pilastele<\/strong> ja <strong data-start=\"1348\" data-end=\"1370\">noorte suvelaagritele<\/strong>, kes otsivad kaasavat, kultuurilist ja meeldej\u00e4\u00e4vat grupitegevust.<\/p>\n<p data-start=\"1441\" data-end=\"1466\"><strong data-start=\"1444\" data-end=\"1464\">Mida see sisaldab?<\/strong><\/p>\n<ul data-start=\"1467\" data-end=\"1751\">\n<li data-start=\"1467\" data-end=\"1537\">\n<p data-start=\"1469\" data-end=\"1537\">\u00dcks <strong data-start=\"1471\" data-end=\"1498\">1-tunnine muusikaline t\u00f6\u00f6tuba<\/strong>, t\u00e4is energiat, \u00fche l\u00fchikese pausiga<\/p>\n<\/li>\n<li data-start=\"1538\" data-end=\"1591\">\n<p data-start=\"1540\" data-end=\"1591\"><strong data-start=\"1540\" data-end=\"1589\">Djemb\u00e9 live-esitus ja praktiline trummim\u00e4ng<\/strong><\/p>\n<\/li>\n<li data-start=\"1592\" data-end=\"1664\">\n<p data-start=\"1594\" data-end=\"1664\">L\u00f5busad <strong data-start=\"1598\" data-end=\"1632\">\u00fchislaulmised ja r\u00fctmim\u00e4ngud<\/strong>, mis tugevdavad \u00fchtsust ja enesekindlust<\/p>\n<\/li>\n<li data-start=\"1665\" data-end=\"1751\">\n<p data-start=\"1667\" data-end=\"1751\">Kultuuriliselt rikkalik Aafrika muusika atmosf\u00e4\u00e4r, mis soodustab r\u00f5\u00f5mu ja enesev\u00e4ljendust<\/p>\n<\/li>\n<li data-start=\"1665\" data-end=\"1751\">\n<p data-start=\"1667\" data-end=\"1751\">Olgu see klassiekskursioon, suvelaager v\u00f5i \u00fclikooli vastuv\u00f5tu\u00fcritus \u2013 see sessioon meeldib igas vanuses ja erineva taustaga osalejatele.<\/p>\n<\/li>\n<\/ul>\n<p data-start=\"0\" data-end=\"362\"><strong data-start=\"0\" data-end=\"41\">Miks nad selle toote valivad: Sest,<\/strong><br data-start=\"41\" data-end=\"44\" \/>See pakub l\u00f5busat, kultuurilist ja interaktiivset tegevust, mis sobib ideaalselt suvelaagrite vaimuga.<br data-start=\"151\" data-end=\"154\" \/>Live djemb\u00e9 ja \u00fchislaulmine kaasavad lapsi ja noori r\u00f5\u00f5msal viisil.<br data-start=\"254\" data-end=\"257\" \/>See j\u00e4tab osalejatele unustamatud m\u00e4lestused ning s\u00fcgavama arusaama r\u00fctmist ja kogukonnast.<\/p>\n<p data-start=\"364\" data-end=\"529\" data-is-last-node=\"\" data-is-only-node=\"\"><strong data-start=\"364\" data-end=\"399\">\u2728 Selle toote loodud meeleolu:<\/strong><br data-start=\"399\" data-end=\"402\" \/>Energiline, m\u00e4nguline ja inspireeriv atmosf\u00e4\u00e4r, mis toob k\u00f5ik kokku l\u00e4bi muusika ja \u00fchise kogemuse j\u00f5u.<\/p>\n<p data-start=\"1885\" data-end=\"2130\"><strong data-start=\"1888\" data-end=\"1913\">Mida nad m\u00e4letavad<\/strong><br data-start=\"1913\" data-end=\"1916\" \/>Osalejad ei naudi seda ainult \u2013 nad lahkuvad <strong data-start=\"1980\" data-end=\"2036\">naeratuste, r\u00fctmi oma kehas ja kestvate m\u00e4lestustega<\/strong>. See on tegevus, millest r\u00e4\u00e4gitakse, mida jagatakse sotsiaalmeedias ja mida tahetakse uuesti kogeda.<\/p>\n<p data-start=\"2132\" data-end=\"2250\"><strong data-start=\"2134\" data-end=\"2144\">Kus?<\/strong><br data-start=\"2144\" data-end=\"2147\" \/>K\u00f5ikjal Eestis v\u00f5i eelnevalt kokkulepitud asukohas. Ma tulen teie juurde koos hea energiaga!<\/p>\n<p data-start=\"2252\" data-end=\"2542\"><strong data-start=\"2255\" data-end=\"2280\">Teeme selle teoks!<\/strong><br data-start=\"2280\" data-end=\"2283\" \/>Kl\u00f5psake nupul <strong data-start=\"2296\" data-end=\"2307\">Kontakt<\/strong> v\u00f5i saatke s\u00f5num <strong data-start=\"2330\" data-end=\"2342\">WhatsAppi kaudu<\/strong>, kui olete valmis selle ainulaadse kogemuse broneerima.<br data-start=\"2390\" data-end=\"2393\" \/>Koostame lihtsa <strong data-start=\"2416\" data-end=\"2427\">arve<\/strong>, mis tuleb t\u00e4ielikult tasuda <strong data-start=\"2456\" data-end=\"2488\">enne \u00fcrituse kuup\u00e4eva<\/strong>. P\u00e4rast kinnitamist j\u00e4\u00e4b \u00fcle vaid r\u00f5\u00f5m ja muusika!<\/p>\n<p><strong>Hinnanguline hind: 450\u20ac ja <em data-start=\"989\" data-end=\"1048\">arve tuleb tasuda enne tegevuse toimumist.<\/em><\/strong><\/p>\n<div style=\"display: flex; justify-content: space-between; align-items: center; flex-wrap: wrap; gap: 10px; flex-direction: row;\"><a style=\"background-color: #d29600; color: white; padding: 10px 20px; border-radius: 6px; font-weight: bold; text-decoration: none; flex: 1; text-align: center;\" href=\"https:\/\/togosunny.com\/et\/kontakt\/\" target=\"https:\/\/togosunny.com\/et\/contact\/\" rel=\"noopener\"><br \/>\nV\u00f5ta meiega \u00fchendust<br \/>\n<\/a><a style=\"background-color: #25d366; color: white; padding: 10px 20px; border-radius: 6px; font-weight: bold; text-decoration: none; flex: 1; text-align: center;\" href=\"https:\/\/wa.me\/+37251916708?text=Tere!%20Soovin%20tellida%20individuaalse%20l%C3%B6%C3%B6kpillide%20sessiooni%20suvelaagrisse.\" target=\"_blank\" rel=\"noopener\"><br \/>\nWhatsApp<br \/>\n<\/a><\/div>\n<style>\n@media screen and (max-width: 600px) {<br \/>  div[style*=\"display:flex;\"] {<br \/>    flex-direction: column !important;<br \/>    align-items: stretch !important;<br \/>  }<br \/>}<br \/><\/style>\n","protected":false},"excerpt":{"rendered":"<p data-start=\"423\" data-end=\"633\"><strong>Too Aafrika elav r\u00fctm oma laagrisse<\/strong>!<\/p>\n<p data-start=\"423\" data-end=\"633\">Selles energilises ja interaktiivses sessioonis juhendan osalejaid <strong data-start=\"701\" data-end=\"720\">djemb\u00e9 trummim\u00e4ngus<\/strong>, <strong data-start=\"728\" data-end=\"739\">\u00fchislaulus<\/strong> ja r\u00fctmilistes m\u00e4ngudes, mis loovad r\u00f5\u00f5mu ja \u00fchtsust. See on enamat kui muusika &#8211; see on <strong data-start=\"813\" data-end=\"837\">\u00fchenduse hetk<\/strong>, mida nad m\u00e4letavad, jagavad ja tahavad uuesti kogeda!<\/p>\n<p data-start=\"423\" data-end=\"633\">\u23f0 <strong data-start=\"586\" data-end=\"598\">Kestus<\/strong>: 1 tund (sisaldab l\u00fchikest pausi)<\/p>\n<p data-start=\"423\" data-end=\"633\">Huvitatud? Kl\u00f5psake <strong data-start=\"907\" data-end=\"918\">Kontakt<\/strong> v\u00f5i saatke s\u00f5num <strong data-start=\"934\" data-end=\"946\">WhatsAppi kaudu<\/strong>, et kinnitada! Seej\u00e4rel saadame teile pakkumise!<\/p>\n<p data-start=\"423\" data-end=\"633\"><strong>Palun mainige oma s\u00f5numis j\u00e4rgmised andmed: <\/strong><\/p>\n<p data-start=\"423\" data-end=\"633\"><strong data-start=\"480\" data-end=\"492\">Asukoht<\/strong>: Eesti (v\u00f5i teie valitud koht). <strong>Kas saate t\u00e4pse aadressi m\u00e4rkida?<\/strong><br data-start=\"524\" data-end=\"527\" \/><strong data-start=\"530\" data-end=\"546\">Osalejad<\/strong>: Kuni 30 last v\u00f5i noort. <strong>T\u00e4psustage osalejate arv?<\/strong><\/p>\n<p><strong>Hinnanguline hind: 450\u20ac ja <em data-start=\"989\" data-end=\"1048\">arve tuleb tasuda enne tegevuse toimumist.<\/em><\/strong><\/p>\n<div style=\"display: flex; justify-content: space-between; align-items: center; flex-wrap: wrap; gap: 10px; flex-direction: row;\"><a style=\"background-color: #d29600; color: white; padding: 10px 20px; border-radius: 6px; font-weight: bold; text-decoration: none; flex: 1; text-align: center;\" href=\"https:\/\/togosunny.com\/et\/kontakt\/\" target=\"https:\/\/togosunny.com\/et\/contact\/\" rel=\"noopener\"><br \/>\nV\u00f5ta meiega \u00fchendust<br \/>\n<\/a><a style=\"background-color: #25d366; color: white; padding: 10px 20px; border-radius: 6px; font-weight: bold; text-decoration: none; flex: 1; text-align: center;\" href=\"https:\/\/wa.me\/+37251916708?text=Tere!%20Soovin%20tellida%20individuaalse%20l%C3%B6%C3%B6kpillide%20sessiooni%20suvelaagrisse.\" target=\"_blank\" rel=\"noopener\"><br \/>\nWhatsApp<br \/>\n<\/a><\/div>\n<style>\n@media screen and (max-width: 600px) {<br \/>  div[style*=\"display:flex;\"] {<br \/>    flex-direction: column !important;<br \/>    align-items: stretch !important;<br \/>  }<br \/>}<br \/><\/style>\n","protected":false},"featured_media":27566,"comment_status":"open","ping_status":"closed","template":"","meta":[],"product_brand":[],"product_cat":[852,840,848],"product_tag":[1039],"class_list":{"0":"post-27567","1":"product","2":"type-product","3":"status-publish","4":"has-post-thumbnail","6":"product_cat-lookpillid-sundmusele","7":"product_cat-teenused","8":"product_cat--trummi-sektsioon-emotsionaalne-kultuur-ja-energiat-lisav-teenus","9":"product_tag-individuaalne-lookpillimang-kooli-suvelaagritele","11":"first","12":"outofstock","13":"shipping-taxable","14":"purchasable","15":"product-type-simple"},"_links":{"self":[{"href":"https:\/\/togosunny.com\/et\/wp-json\/wp\/v2\/product\/27567","targetHints":{"allow":["GET"]}}],"collection":[{"href":"https:\/\/togosunny.com\/et\/wp-json\/wp\/v2\/product"}],"about":[{"href":"https:\/\/togosunny.com\/et\/wp-json\/wp\/v2\/types\/product"}],"replies":[{"embeddable":true,"href":"https:\/\/togosunny.com\/et\/wp-json\/wp\/v2\/comments?post=27567"}],"wp:featuredmedia":[{"embeddable":true,"href":"https:\/\/togosunny.com\/et\/wp-json\/wp\/v2\/media\/27566"}],"wp:attachment":[{"href":"https:\/\/togosunny.com\/et\/wp-json\/wp\/v2\/media?parent=27567"}],"wp:term":[{"taxonomy":"product_brand","embeddable":true,"href":"https:\/\/togosunny.com\/et\/wp-json\/wp\/v2\/product_brand?post=27567"},{"taxonomy":"product_cat","embeddable":true,"href":"https:\/\/togosunny.com\/et\/wp-json\/wp\/v2\/product_cat?post=27567"},{"taxonomy":"product_tag","embeddable":true,"href":"https:\/\/togosunny.com\/et\/wp-json\/wp\/v2\/product_tag?post=27567"}],"curies":[{"name":"wp","href":"https:\/\/api.w.org\/{rel}","templated":true}]}}