{"id":26669,"date":"2025-02-25T01:26:47","date_gmt":"2025-02-24T23:26:47","guid":{"rendered":"https:\/\/togosunny.com\/showcase-togo-presentation-and-its-community-immersion\/"},"modified":"2025-12-22T01:29:02","modified_gmt":"2025-12-21T23:29:02","slug":"presentation-showcase-togo-et-sa-communaute-immersion","status":"publish","type":"product","link":"https:\/\/togosunny.com\/fr\/presentation-showcase-togo-et-sa-communaute-immersion\/","title":{"rendered":"Pr\u00e9sentation showcase Togo et sa communaut\u00e9 &#8211; Immersion"},"content":{"rendered":"<h2>Pr\u00e9sentation Showcase Togo et sa communaut\u00e9 &#8211; Immersion<\/h2>\n<p><strong>Importance :<\/strong> Certains publics veulent plus qu\u2019une simple information : ils veulent ressentir la culture, cr\u00e9er une vraie connexion, et repartir avec un souvenir fort.<\/p>\n<p><strong>Probl\u00e8me :<\/strong> Une pr\u00e9sentation uniquement \u00a0\u00bbparl\u00e9e\u00a0\u00bb peut inspirer, mais ne transmet pas toujours l\u2019\u00e9nergie et la profondeur culturelle attendues.<\/p>\n<p><strong>Solution :<\/strong> Immersion est une exp\u00e9rience compl\u00e8te : showcase signature, Q et R (Q et A) en direct, moment interactif et une cl\u00f4ture en percussions live.<\/p>\n<ul>\n<li><strong>Dur\u00e9e :<\/strong> 1h \u00e0 1h30<\/li>\n<li><strong>Showcase signature :<\/strong> \u2705<\/li>\n<li><strong>Q et R (Q et A) en direct :<\/strong> \u2705<\/li>\n<li><strong>Segment interactif :<\/strong> \u2705<\/li>\n<li><strong>R\u00e9capitulatif \u00e0 emporter :<\/strong> \u2705<\/li>\n<li><strong>Rafra\u00eechissements inclus :<\/strong>\n<ul>\n<li>1 verre de jus de <strong>bissap<\/strong> (hibiscus, ananas, lemon grass, basilic &amp; ginger)<\/li>\n<li>1 verre de jus de <strong>baobab<\/strong> (pulpe de baobab en poudre + lemon grass + basilic + piima)<\/li>\n<\/ul>\n<\/li>\n<li><strong>Cl\u00f4ture :<\/strong> petit show de percussions en live (7 min)<\/li>\n<\/ul>\n<p><strong>Pour qui ?<\/strong> Individu (personne physique) ou organisation (personne morale).<\/p>\n<p><strong>R\u00e9server :<\/strong> Contactez-nous en cliquant ci-dessous sur le bouton <strong>Contact<\/strong> ou <strong>WhatsApp<\/strong>.<\/p>\n<p><strong>Important :<\/strong> Il faut r\u00e9gler la facture que nous vous enverrons <strong>avant<\/strong> que le programme se tienne.<\/p>\n","protected":false},"excerpt":{"rendered":"<p><strong><strong>Prix :<\/strong> 60 \u20ac\/personne \u2022 <strong>Groupe de 12 :<\/strong> 720 \u20ac (<strong>+15 \u20ac d\u00e9placement<\/strong> = 735 \u20ac)<\/p>\n<ul>\n<li><strong>Dur\u00e9e :<\/strong> 1h \u00e0 1h30 \u2705<\/li>\n<li><strong>Showcase signature :<\/strong> \u2705<\/li>\n<li><strong>Questions et reponses en direct avec l&rsquo;audience:<\/strong> \u2705<\/li>\n<li><strong>Segment interactif :<\/strong> \u2705<\/li>\n<li><strong>R\u00e9capitulatif \u00e0 emporter :<\/strong> \u2705<\/li>\n<li><strong>Rafra\u00eechissements :<\/strong> \u2705\n<ul>\n<li>1 verre de jus de bissap (hibiscus, ananas, lemon grass, basilic &amp; ginger)<\/li>\n<li>1 verre de jus de baobab (pulpe de baobab en poudre + lemon grass + basilic + piima)<\/li>\n<\/ul>\n<\/li>\n<li><strong>Cl\u00f4ture :<\/strong> petit show de percussions en live (7 min) \u2705<\/li>\n<\/ul>\n<p><em>Suppl\u00e9ment d\u00e9placement :<\/em> +15 \u20ac par r\u00e9servation si d\u00e9placement requis partout en Estonie.<\/p>\n","protected":false},"featured_media":26668,"comment_status":"open","ping_status":"closed","template":"","meta":[],"product_brand":[],"product_cat":[845],"product_tag":[],"class_list":{"0":"post-26669","1":"product","2":"type-product","3":"status-publish","4":"has-post-thumbnail","6":"product_cat--vitrine-culturelle-presentation-du-togo-et-de-sa-communaute","8":"first","9":"instock","10":"shipping-taxable","11":"product-type-simple"},"_links":{"self":[{"href":"https:\/\/togosunny.com\/fr\/wp-json\/wp\/v2\/product\/26669","targetHints":{"allow":["GET"]}}],"collection":[{"href":"https:\/\/togosunny.com\/fr\/wp-json\/wp\/v2\/product"}],"about":[{"href":"https:\/\/togosunny.com\/fr\/wp-json\/wp\/v2\/types\/product"}],"replies":[{"embeddable":true,"href":"https:\/\/togosunny.com\/fr\/wp-json\/wp\/v2\/comments?post=26669"}],"wp:featuredmedia":[{"embeddable":true,"href":"https:\/\/togosunny.com\/fr\/wp-json\/wp\/v2\/media\/26668"}],"wp:attachment":[{"href":"https:\/\/togosunny.com\/fr\/wp-json\/wp\/v2\/media?parent=26669"}],"wp:term":[{"taxonomy":"product_brand","embeddable":true,"href":"https:\/\/togosunny.com\/fr\/wp-json\/wp\/v2\/product_brand?post=26669"},{"taxonomy":"product_cat","embeddable":true,"href":"https:\/\/togosunny.com\/fr\/wp-json\/wp\/v2\/product_cat?post=26669"},{"taxonomy":"product_tag","embeddable":true,"href":"https:\/\/togosunny.com\/fr\/wp-json\/wp\/v2\/product_tag?post=26669"}],"curies":[{"name":"wp","href":"https:\/\/api.w.org\/{rel}","templated":true}]}}