{"id":27352,"date":"2025-03-04T22:40:07","date_gmt":"2025-03-04T20:40:07","guid":{"rendered":"https:\/\/togosunny.com\/huile-davocat-100-naturelle-60-ml\/"},"modified":"2026-03-13T19:01:35","modified_gmt":"2026-03-13T17:01:35","slug":"huile-davocat-100-naturelle-60-ml","status":"publish","type":"product","link":"https:\/\/togosunny.com\/fr\/huile-davocat-100-naturelle-60-ml\/","title":{"rendered":"Huile d\u2019avocat 100 % naturelle &#8211; 60 ml"},"content":{"rendered":"<h4><strong>Caract\u00e9ristiques de l\u2019huile v\u00e9g\u00e9tale d\u2019avocat<\/strong><\/h4>\n<h4><strong>Comme ingr\u00e9dient cosm\u00e9tique pour la peau<\/strong>, l\u2019huile v\u00e9g\u00e9tale d\u2019avocat est reconnue pour les propri\u00e9t\u00e9s suivantes :<\/h4>\n<ul>\n<li>Assouplissante, protectrice et tr\u00e8s douce, elle restaure l\u2019\u00e9lasticit\u00e9 et le confort de la peau et prend soin des peaux d\u00e9licates<\/li>\n<li>R\u00e9g\u00e9n\u00e9rante et restructurante, elle aide \u00e0 lutter contre les signes du vieillissement cutan\u00e9<\/li>\n<li>Elle nourrit la peau et la prot\u00e8ge contre les agressions ext\u00e9rieures (froid, vent, etc.)<\/li>\n<li>R\u00e9paratrice et apaisante, elle agit efficacement sur les peaux sujettes \u00e0 l\u2019inconfort et aide \u00e0 lutter contre les vergetures<\/li>\n<li>Elle apporte douceur et onctuosit\u00e9 aux savons<\/li>\n<\/ul>\n<h4><strong>Comme ingr\u00e9dient de beaut\u00e9 pour les cheveux<\/strong>, l\u2019huile d\u2019avocat biologique est r\u00e9put\u00e9e pour ses propri\u00e9t\u00e9s :<\/h4>\n<ul>\n<li>Embellisseur capillaire, elle apporte brillance et force aux cheveux<\/li>\n<li>R\u00e9put\u00e9e pour stimuler la croissance des cheveux<\/li>\n<\/ul>\n<h4><strong>Indications pour la peau<\/strong><\/h4>\n<ul>\n<li>Peaux s\u00e8ches, d\u00e9vitalis\u00e9es, squameuses ou rel\u00e2ch\u00e9es<\/li>\n<li>Peaux d\u00e9licates (cou, contour des yeux)<\/li>\n<li>Peaux matures<\/li>\n<li>Aide \u00e0 lutter contre les vergetures<\/li>\n<\/ul>\n<h4><strong>Indications pour les cheveux<\/strong><\/h4>\n<ul>\n<li>Cheveux ternes et secs<\/li>\n<li>Croissance des cheveux<\/li>\n<\/ul>\n<h4><strong>Utilisations pour la peau<\/strong><\/h4>\n<p>&#8211; Utiliser comme ingr\u00e9dient dans vos pr\u00e9parations :<\/p>\n<p>&#8211; Soins protecteurs pour les peaux sensibles et fines (visage, cou, contour des yeux&#8230;)<\/p>\n<p>&#8211; Pr\u00e9parations anti-rides pour peaux s\u00e8ches et matures<\/p>\n<p>&#8211; Cr\u00e8mes r\u00e9paratrices pour les mains s\u00e8ches<\/p>\n<p>&#8211; Soins pr\u00e9ventifs et curatifs contre les vergetures<\/p>\n<p>&#8211; Fabrication de savons doux<\/p>\n<h4><strong>Utilisations pour les cheveux<\/strong><\/h4>\n<p>&#8211; Utiliser comme ingr\u00e9dient dans vos pr\u00e9parations :<\/p>\n<p>&#8211; Huiles capillaires et baumes pour renforcer et stimuler les cheveux fragiles et secs<\/p>\n<p>&#8211; Soins capillaires tonifiants et fortifiants<\/p>\n<p>&#8211; Cr\u00e8mes et masques de soin pour cheveux cassants<\/p>\n<p>\u26a0\ufe0f Les propri\u00e9t\u00e9s, indications et modes d\u2019utilisation ci-dessus sont tir\u00e9s d\u2019ouvrages de r\u00e9f\u00e9rence ou de sites sp\u00e9cialis\u00e9s en aromath\u00e9rapie, hydrolath\u00e9rapie et phytoth\u00e9rapie. Ces informations g\u00e9n\u00e9rales sont fournies \u00e0 titre informatif uniquement et ne constituent en aucun cas une information m\u00e9dicale. Elles ne peuvent en aucun cas remplacer un diagnostic, une consultation ou un suivi m\u00e9dical, ni engager notre responsabilit\u00e9. En cas de doute, nous recommandons de consulter un m\u00e9decin avant l\u2019utilisation d\u2019huiles essentielles.<\/p>\n<p><a href=\"https:\/\/togosunny.com\/fr\/huile-et-creme-avocat-biologique\/\" target=\"_blank\" rel=\"noopener\">En lire plus sur avocat huile et cr\u00e8me <\/a><\/p>\n","protected":false},"excerpt":{"rendered":"<p data-start=\"0\" data-end=\"300\">L\u2019huile v\u00e9g\u00e9tale d\u2019avocat est un excellent actif anti-\u00e2ge, nourrissant, protecteur et restructurant. Elle est id\u00e9ale pour la composition de soins destin\u00e9s aux peaux s\u00e8ches ou matures, mais \u00e9galement pour les soins capillaires. Elle est utilis\u00e9e pure, sans ajout d\u2019autres huiles.<\/p>\n<p data-start=\"302\" data-end=\"571\">L\u2019avocat cultiv\u00e9 et produit au Togo permet d\u2019obtenir une huile extraite de la pulpe d\u2019avocat, reconnue parmi les meilleures huiles au monde. Elle est particuli\u00e8rement appr\u00e9ci\u00e9e pour un usage cosm\u00e9tique et poss\u00e8de de nombreuses propri\u00e9t\u00e9s b\u00e9n\u00e9fiques pour le bien-\u00eatre.<\/p>\n<p data-start=\"573\" data-end=\"674\">La n\u00f4tre est une huile d\u2019avocat <strong data-start=\"605\" data-end=\"655\">pure, authentique, saine et concentr\u00e9e \u00e0 100 %<\/strong>, de haute qualit\u00e9.<\/p>\n","protected":false},"featured_media":27351,"comment_status":"open","ping_status":"closed","template":"","meta":[],"product_brand":[],"product_cat":[857,861,859],"product_tag":[981,984,988,986,987,985,982,991,983,989,990,992],"class_list":{"0":"post-27352","1":"product","2":"type-product","3":"status-publish","4":"has-post-thumbnail","6":"product_cat---huiles-pures-et-non-raffinees","7":"product_cat--huiles-essentielles-et-aromatiques","8":"product_cat--huiles-tropicales-africaines-pour-la-cuisine","9":"product_tag-africain","10":"product_tag-aromatique","11":"product_tag-avocat","12":"product_tag-basilic-africain","13":"product_tag-cannelle","14":"product_tag-distillate","15":"product_tag-essentiel","16":"product_tag-extract","17":"product_tag-huiles","18":"product_tag-moringa","19":"product_tag-noix-de-coco","20":"product_tag-togosunnyhuile","22":"first","23":"instock","24":"shipping-taxable","25":"purchasable","26":"product-type-simple"},"_links":{"self":[{"href":"https:\/\/togosunny.com\/fr\/wp-json\/wp\/v2\/product\/27352","targetHints":{"allow":["GET"]}}],"collection":[{"href":"https:\/\/togosunny.com\/fr\/wp-json\/wp\/v2\/product"}],"about":[{"href":"https:\/\/togosunny.com\/fr\/wp-json\/wp\/v2\/types\/product"}],"replies":[{"embeddable":true,"href":"https:\/\/togosunny.com\/fr\/wp-json\/wp\/v2\/comments?post=27352"}],"wp:featuredmedia":[{"embeddable":true,"href":"https:\/\/togosunny.com\/fr\/wp-json\/wp\/v2\/media\/27351"}],"wp:attachment":[{"href":"https:\/\/togosunny.com\/fr\/wp-json\/wp\/v2\/media?parent=27352"}],"wp:term":[{"taxonomy":"product_brand","embeddable":true,"href":"https:\/\/togosunny.com\/fr\/wp-json\/wp\/v2\/product_brand?post=27352"},{"taxonomy":"product_cat","embeddable":true,"href":"https:\/\/togosunny.com\/fr\/wp-json\/wp\/v2\/product_cat?post=27352"},{"taxonomy":"product_tag","embeddable":true,"href":"https:\/\/togosunny.com\/fr\/wp-json\/wp\/v2\/product_tag?post=27352"}],"curies":[{"name":"wp","href":"https:\/\/api.w.org\/{rel}","templated":true}]}}