{"id":27389,"date":"2024-12-13T00:20:45","date_gmt":"2024-12-12T22:20:45","guid":{"rendered":"https:\/\/togosunny.com\/huile-de-moringa-10-e-10-ml\/"},"modified":"2026-03-14T18:20:35","modified_gmt":"2026-03-14T16:20:35","slug":"huile-de-moringa-10-e-10-ml","status":"publish","type":"product","link":"https:\/\/togosunny.com\/fr\/huile-de-moringa-10-e-10-ml\/","title":{"rendered":"Huile de moringa &#8211; 10 \u20ac \/ 10 ml"},"content":{"rendered":"<h4><strong>L\u2019huile de moringa<\/strong> est traditionnellement utilis\u00e9e pour : des applications cosm\u00e9tiques pour les soins des cheveux et de la peau.<\/h4>\n<h4><strong>Caract\u00e9ristiques de l\u2019huile v\u00e9g\u00e9tale de moringa :<\/strong><\/h4>\n<h4><strong>Comme ingr\u00e9dient de beaut\u00e9 pour les cheveux<\/strong>, l\u2019huile v\u00e9g\u00e9tale de moringa est reconnue pour ses propri\u00e9t\u00e9s :<\/h4>\n<ul>\n<li>Enrobe et nourrit la fibre capillaire, fortifie les cheveux de la racine aux pointes, lutte contre la casse et prot\u00e8ge les pointes<\/li>\n<li>Embellit, adoucit et redonne de la brillance aux cheveux secs et ternes<\/li>\n<li>D\u00e9finit les boucles des cheveux boucl\u00e9s et fris\u00e9s et nourrit et revitalise les cheveux afro secs<\/li>\n<li>Disciplinante, elle aide \u00e0 coiffer les cheveux indisciplin\u00e9s et \u00e0 contr\u00f4ler les frisottis<\/li>\n<\/ul>\n<h4><strong>Comme ingr\u00e9dient cosm\u00e9tique pour la peau<\/strong>, l\u2019huile v\u00e9g\u00e9tale de moringa est reconnue pour ses propri\u00e9t\u00e9s :<\/h4>\n<ul>\n<li>Nourrissante et protectrice, elle maintient la peau douce et hydrat\u00e9e en ralentissant la d\u00e9shydratation<\/li>\n<li>Assouplit et lisse la peau<\/li>\n<li>Riche et douce au toucher, mais non grasse, elle p\u00e9n\u00e8tre rapidement dans la peau<\/li>\n<li>Bonne stabilit\u00e9 \u00e0 l\u2019oxydation : elle rancit difficilement et ne favorise pas la formation de points noirs<\/li>\n<\/ul>\n<h4><strong>Utilisations pour les cheveux :<\/strong><\/h4>\n<p>&#8211; L\u2019huile v\u00e9g\u00e9tale de moringa est excellente pour :<\/p>\n<p>&#8211; Les cheveux boucl\u00e9s, fris\u00e9s, cr\u00e9pus, cheveux afro<\/p>\n<p>&#8211; Les cheveux secs, r\u00eaches et cassants<\/p>\n<p>&#8211; Les cheveux ab\u00eem\u00e9s et les pointes fourchues<\/p>\n<p>&#8211; Les cheveux ab\u00eem\u00e9s, color\u00e9s ou d\u00e9color\u00e9s<\/p>\n<p>&#8211; Les cheveux indisciplin\u00e9s<\/p>\n<h4><strong>L\u2019huile v\u00e9g\u00e9tale de moringa<\/strong> peut \u00eatre utilis\u00e9e comme ingr\u00e9dient dans vos pr\u00e9parations pour r\u00e9aliser :<\/h4>\n<p>&#8211; Des bains d\u2019huile fortifiants<\/p>\n<p>&#8211; Des sprays capillaires hydronutritifs, sprays coiffants ou pour sceller l\u2019hydratation<\/p>\n<p>&#8211; Des s\u00e9rums r\u00e9parateurs pour les pointes<\/p>\n<p>&#8211; Des cr\u00e8mes capillaires sans rin\u00e7age<\/p>\n<p>&#8211; Des apr\u00e8s-shampoings nourrissants et gainants<\/p>\n<p>&#8211; Des shampoings cr\u00e8me nourrissants et fortifiants<\/p>\n<h4><strong>Utilisations pour la peau :<\/strong><\/h4>\n<p>&#8211; L\u2019huile v\u00e9g\u00e9tale de moringa est excellente pour :<\/p>\n<p>&#8211; Les peaux s\u00e8ches \u00e0 tr\u00e8s s\u00e8ches<\/p>\n<p>&#8211; Les peaux d\u00e9shydrat\u00e9es<\/p>\n<p>&#8211; Les peaux ab\u00eem\u00e9es ou sensibles<\/p>\n<p>&#8211; Les peaux matures<\/p>\n<h4><strong>L\u2019huile v\u00e9g\u00e9tale de moringa<\/strong> peut \u00eatre utilis\u00e9e comme ingr\u00e9dient dans vos pr\u00e9parations pour r\u00e9aliser :<\/h4>\n<p>&#8211; Des s\u00e9rums et huiles de soin pour le visage et le corps<\/p>\n<p>&#8211; Des baumes r\u00e9parateurs<\/p>\n<p>&#8211; Des cr\u00e8mes cocooning<\/p>\n<p>&#8211; Des laits corporels et laits nettoyants<\/p>\n<p>&#8211; Des huiles de massage<\/p>\n<p>&#8211; Des soins apr\u00e8s-soleil<\/p>\n<p>\u26a0\ufe0f Les propri\u00e9t\u00e9s, indications et modes d\u2019utilisation mentionn\u00e9s ci-dessus sont tir\u00e9s d\u2019ouvrages ou de sites de r\u00e9f\u00e9rence en aromath\u00e9rapie, hydrolath\u00e9rapie et phytoth\u00e9rapie. Ces informations g\u00e9n\u00e9rales sont fournies \u00e0 titre informatif uniquement et ne constituent en aucun cas une information m\u00e9dicale. Elles ne peuvent en aucun cas remplacer un diagnostic, une consultation ou un suivi m\u00e9dical, ni engager notre responsabilit\u00e9. En cas de doute, nous vous recommandons de consulter un m\u00e9decin avant d\u2019utiliser des huiles essentielles.<\/p>\n<p><a href=\"https:\/\/togosunny.com\/moringa-oleifera\/\" target=\"_blank\" rel=\"noopener\">Lire les deux recettes \u00e0 base d\u2019huile de moringa que nous vous proposons<\/a><\/p>\n","protected":false},"excerpt":{"rendered":"<p><span style=\"font-weight: 400;\"><strong>L\u2019huile de moringa<\/strong> est traditionnellement utilis\u00e9e pour nourrir, renforcer et prot\u00e9ger les cheveux et la peau.<\/span><br \/>\n<span style=\"font-weight: 400;\">L\u2019huile de moringa extraite des graines au Togo aide \u00e0 prot\u00e9ger les cheveux contre les radicaux libres et contribue \u00e0 les garder propres et en bonne sant\u00e9.<\/span><br \/>\n<span style=\"font-weight: 400;\">Sa teneur en acide b\u00e9h\u00e9nique fait de cette huile vierge press\u00e9e \u00e0 froid un actif capillaire exceptionnel, qui enrobe les cheveux et prot\u00e8ge les pointes ab\u00eem\u00e9es.<\/span><br \/>\n<span style=\"font-weight: 400;\">Le moringa contient \u00e9galement des prot\u00e9ines, ce qui aide \u00e0 prot\u00e9ger les cellules de la peau contre les dommages.<\/span><br \/>\n<span style=\"font-weight: 400;\">Cette huile douce et nourrissante est aussi id\u00e9ale pour r\u00e9parer et assouplir les peaux s\u00e8ches et sensibles.<\/span><br \/>\n<span style=\"font-weight: 400;\">Elle contient \u00e9galement des \u00e9l\u00e9ments hydratants et d\u00e9toxifiants qui revitalisent la peau et les cheveux.<\/span><br \/>\n<span style=\"font-weight: 400;\">En plus de ses nombreux bienfaits, son excellente stabilit\u00e9 \u00e0 l\u2019oxydation en fait une huile tr\u00e8s int\u00e9ressante pour les applications cosm\u00e9tiques.<\/span><\/p>\n","protected":false},"featured_media":27388,"comment_status":"open","ping_status":"closed","template":"","meta":[],"product_brand":[],"product_cat":[857,861,859],"product_tag":[984,988,986,1006,1008,985,982,1007,983,1009,989,990,992],"class_list":{"0":"post-27389","1":"product","2":"type-product","3":"status-publish","4":"has-post-thumbnail","6":"product_cat---huiles-pures-et-non-raffinees","7":"product_cat--huiles-essentielles-et-aromatiques","8":"product_cat--huiles-tropicales-africaines-pour-la-cuisine","9":"product_tag-aromatique","10":"product_tag-avocat","11":"product_tag-basilic-africain","12":"product_tag-calebasse","13":"product_tag-citronnelle","14":"product_tag-distillate","15":"product_tag-essentiel","16":"product_tag-huile","17":"product_tag-huiles","18":"product_tag-menthe-poivree","19":"product_tag-moringa","20":"product_tag-noix-de-coco","21":"product_tag-togosunnyhuile","23":"first","24":"instock","25":"shipping-taxable","26":"purchasable","27":"product-type-simple"},"_links":{"self":[{"href":"https:\/\/togosunny.com\/fr\/wp-json\/wp\/v2\/product\/27389","targetHints":{"allow":["GET"]}}],"collection":[{"href":"https:\/\/togosunny.com\/fr\/wp-json\/wp\/v2\/product"}],"about":[{"href":"https:\/\/togosunny.com\/fr\/wp-json\/wp\/v2\/types\/product"}],"replies":[{"embeddable":true,"href":"https:\/\/togosunny.com\/fr\/wp-json\/wp\/v2\/comments?post=27389"}],"wp:featuredmedia":[{"embeddable":true,"href":"https:\/\/togosunny.com\/fr\/wp-json\/wp\/v2\/media\/27388"}],"wp:attachment":[{"href":"https:\/\/togosunny.com\/fr\/wp-json\/wp\/v2\/media?parent=27389"}],"wp:term":[{"taxonomy":"product_brand","embeddable":true,"href":"https:\/\/togosunny.com\/fr\/wp-json\/wp\/v2\/product_brand?post=27389"},{"taxonomy":"product_cat","embeddable":true,"href":"https:\/\/togosunny.com\/fr\/wp-json\/wp\/v2\/product_cat?post=27389"},{"taxonomy":"product_tag","embeddable":true,"href":"https:\/\/togosunny.com\/fr\/wp-json\/wp\/v2\/product_tag?post=27389"}],"curies":[{"name":"wp","href":"https:\/\/api.w.org\/{rel}","templated":true}]}}