{"id":27565,"date":"2025-06-13T01:49:25","date_gmt":"2025-06-12T22:49:25","guid":{"rendered":"https:\/\/togosunny.com\/percussion-en-solo-pour-les-camps-dete-scolaires\/"},"modified":"2026-04-01T12:57:09","modified_gmt":"2026-04-01T09:57:09","slug":"percussion-en-solo-pour-les-camps-dete-scolaires","status":"publish","type":"product","link":"https:\/\/togosunny.com\/fr\/percussion-en-solo-pour-les-camps-dete-scolaires\/","title":{"rendered":"Percussion en solo pour les camps d\u2019\u00e9t\u00e9 scolaires"},"content":{"rendered":"<p data-start=\"1132\" data-end=\"1225\"><strong data-start=\"1132\" data-end=\"1223\">Offrez \u00e0 votre camp d\u2019\u00e9t\u00e9 ou \u00e0 votre groupe \u00e9ducatif la puissance du rythme et de la communaut\u00e9 !<\/strong><\/p>\n<p data-start=\"1227\" data-end=\"1439\">Cette <strong data-start=\"1253\" data-end=\"1275\">session de percussion<\/strong> unique et immersive est sp\u00e9cialement con\u00e7ue pour les <strong data-start=\"1303\" data-end=\"1342\">\u00e9coliers, \u00e9tudiants universitaires<\/strong> et les <strong data-start=\"1348\" data-end=\"1370\">camps d\u2019\u00e9t\u00e9 pour jeunes<\/strong> \u00e0 la recherche d\u2019une activit\u00e9 de groupe engageante, culturelle et inoubliable.<\/p>\n<p data-start=\"1441\" data-end=\"1466\"><strong data-start=\"1444\" data-end=\"1464\">Qu\u2019est-ce qui est inclus ?<\/strong><\/p>\n<ul data-start=\"1467\" data-end=\"1751\">\n<li data-start=\"1467\" data-end=\"1537\">\n<p data-start=\"1469\" data-end=\"1537\">Un <strong data-start=\"1471\" data-end=\"1498\">atelier musical d\u2019une heure<\/strong> plein d\u2019\u00e9nergie, avec une courte pause<\/p>\n<\/li>\n<li data-start=\"1538\" data-end=\"1591\">\n<p data-start=\"1540\" data-end=\"1591\"><strong data-start=\"1540\" data-end=\"1589\">Performance live de djemb\u00e9 et pratique du tambour<\/strong><\/p>\n<\/li>\n<li data-start=\"1592\" data-end=\"1664\">\n<p data-start=\"1594\" data-end=\"1664\">Des <strong data-start=\"1598\" data-end=\"1632\">chants de groupe et jeux de rythme<\/strong> amusants pour renforcer l\u2019unit\u00e9 et la confiance<\/p>\n<\/li>\n<li data-start=\"1665\" data-end=\"1751\">\n<p data-start=\"1667\" data-end=\"1751\">Une atmosph\u00e8re musicale africaine riche en culture qui encourage la joie et l\u2019expression de soi<\/p>\n<\/li>\n<li data-start=\"1665\" data-end=\"1751\">\n<p data-start=\"1667\" data-end=\"1751\">Que ce soit une sortie scolaire, un camp d\u2019\u00e9t\u00e9 ou un \u00e9v\u00e9nement d\u2019accueil universitaire, cette session pla\u00eet \u00e0 tous les \u00e2ges et \u00e0 tous les horizons.<\/p>\n<\/li>\n<\/ul>\n<p data-start=\"0\" data-end=\"362\"><strong data-start=\"0\" data-end=\"41\">Pourquoi ils choisiront ce produit : Parce que,<\/strong><br data-start=\"41\" data-end=\"44\" \/>Il propose une activit\u00e9 amusante, culturelle et interactive qui correspond parfaitement \u00e0 l\u2019esprit des camps d\u2019\u00e9t\u00e9.<br data-start=\"151\" data-end=\"154\" \/>Le djemb\u00e9 en live et les chants de groupe impliquent les enfants et les jeunes de mani\u00e8re joyeuse.<br data-start=\"254\" data-end=\"257\" \/>Il laisse aux participants des souvenirs inoubliables et une meilleure appr\u00e9ciation du rythme et de la communaut\u00e9.<\/p>\n<p data-start=\"364\" data-end=\"529\" data-is-last-node=\"\" data-is-only-node=\"\"><strong data-start=\"364\" data-end=\"399\">\u2728 L\u2019ambiance apport\u00e9e par ce produit :<\/strong><br data-start=\"399\" data-end=\"402\" \/>Une atmosph\u00e8re \u00e9nergique, ludique et inspirante qui rassemble tout le monde gr\u00e2ce au pouvoir de la musique et de l\u2019exp\u00e9rience partag\u00e9e.<\/p>\n<p data-start=\"1885\" data-end=\"2130\"><strong data-start=\"1888\" data-end=\"1913\">Ce qu\u2019ils retiendront<\/strong><br data-start=\"1913\" data-end=\"1916\" \/>Les participants ne feront pas que s\u2019amuser : ils repartiront avec <strong data-start=\"1980\" data-end=\"2036\">des sourires, du rythme dans le corps et des souvenirs durables<\/strong>. C\u2019est le genre d\u2019activit\u00e9 dont ils parleront, qu\u2019ils partageront sur les r\u00e9seaux sociaux et qu\u2019ils voudront refaire.<\/p>\n<p data-start=\"2132\" data-end=\"2250\"><strong data-start=\"2134\" data-end=\"2144\">O\u00f9 ?<\/strong><br data-start=\"2144\" data-end=\"2147\" \/>Partout en Estonie ou dans un lieu convenu \u00e0 l\u2019avance. Je me d\u00e9place sur votre site avec toute la bonne \u00e9nergie !<\/p>\n<p data-start=\"2252\" data-end=\"2542\"><strong data-start=\"2255\" data-end=\"2280\">Faisons-le !<\/strong><br data-start=\"2280\" data-end=\"2283\" \/>Cliquez sur le bouton <strong data-start=\"2296\" data-end=\"2307\">Contact<\/strong> ou envoyez un message via <strong data-start=\"2330\" data-end=\"2342\">WhatsApp<\/strong> si vous \u00eates pr\u00eat \u00e0 r\u00e9server cette exp\u00e9rience unique.<br data-start=\"2390\" data-end=\"2393\" \/>Nous pr\u00e9parerons une <strong data-start=\"2416\" data-end=\"2427\">facture<\/strong> simple, qui doit \u00eatre pay\u00e9e en totalit\u00e9 <strong data-start=\"2456\" data-end=\"2488\">avant la date de l\u2019\u00e9v\u00e9nement<\/strong>. Une fois confirm\u00e9, place \u00e0 la joie et \u00e0 la musique !<\/p>\n<p><strong>Estimation du prix : 450\u20ac et la <em data-start=\"989\" data-end=\"1048\">facture doit \u00eatre pay\u00e9e avant le d\u00e9roulement de l\u2019activit\u00e9.<\/em><\/strong><\/p>\n<div style=\"display: flex; justify-content: space-between; align-items: center; flex-wrap: wrap; gap: 10px; flex-direction: row;\"><a style=\"background-color: #d29600; color: white; padding: 10px 20px; border-radius: 6px; font-weight: bold; text-decoration: none; flex: 1; text-align: center;\" href=\"https:\/\/togosunny.com\/fr\/contact\/\" target=\"https:\/\/togosunny.com\/fr\/contact\/\" rel=\"noopener\"><br \/>\nContactez-nous<br \/>\n<\/a><a style=\"background-color: #25d366; color: white; padding: 10px 20px; border-radius: 6px; font-weight: bold; text-decoration: none; flex: 1; text-align: center;\" href=\"https:\/\/wa.me\/+37251916708?text=Bonjour%20!%20Je%20souhaite%20commander%20Percussion%20individuelle%20pour%20les%20camps%20d%E2%80%99%C3%A9t%C3%A9%20scolaires.\" target=\"_blank\" rel=\"noopener\"><br \/>\nWhatsApp<br \/>\n<\/a><\/div>\n<style>\n@media screen and (max-width: 600px) {<br \/>  div[style*=\"display:flex;\"] {<br \/>    flex-direction: column !important;<br \/>    align-items: stretch !important;<br \/>  }<br \/>}<br \/><\/style>\n","protected":false},"excerpt":{"rendered":"<p data-start=\"423\" data-end=\"633\"><strong>Apportez le rythme vibrant de l\u2019Afrique \u00e0 votre camp<\/strong> !<\/p>\n<p data-start=\"423\" data-end=\"633\">Dans cette session \u00e9nergique et interactive, j\u2019accompagne les participants dans le <strong data-start=\"701\" data-end=\"720\">djemb\u00e9<\/strong>, le <strong data-start=\"728\" data-end=\"739\">chant en groupe<\/strong> et des activit\u00e9s rythmiques ludiques qui \u00e9veillent la joie et l\u2019unit\u00e9. C\u2019est plus que de la musique &#8211; c\u2019est un <strong data-start=\"813\" data-end=\"837\">moment de connexion<\/strong> dont ils se souviendront, qu\u2019ils partageront et qu\u2019ils voudront revivre !<\/p>\n<p data-start=\"423\" data-end=\"633\">\u23f0 <strong data-start=\"586\" data-end=\"598\">Dur\u00e9e<\/strong> : 1 heure (inclut une courte pause)<\/p>\n<p data-start=\"423\" data-end=\"633\">Int\u00e9ress\u00e9(e) ? Cliquez sur <strong data-start=\"907\" data-end=\"918\">Contact<\/strong> ou envoyez un message via <strong data-start=\"934\" data-end=\"946\">WhatsApp<\/strong> pour confirmer ! Ensuite, nous vous enverrons une offre !<\/p>\n<p data-start=\"423\" data-end=\"633\"><strong>N\u2019oubliez pas de mentionner dans votre message les \u00e9l\u00e9ments suivants : <\/strong><\/p>\n<p data-start=\"423\" data-end=\"633\"><strong data-start=\"480\" data-end=\"492\">Lieu<\/strong> : Estonie (ou le lieu de votre choix). <strong>Indiquez l\u2019adresse pr\u00e9cise ?<\/strong><br data-start=\"524\" data-end=\"527\" \/><strong data-start=\"530\" data-end=\"546\">Participants<\/strong> : Jusqu\u2019\u00e0 30 enfants ou jeunes adultes. <strong>Pr\u00e9cisez le nombre de participants ?<\/strong><\/p>\n<p><strong>Estimation du prix : 450\u20ac et la <em data-start=\"989\" data-end=\"1048\">facture doit \u00eatre pay\u00e9e avant le d\u00e9roulement de l\u2019activit\u00e9.<\/em><\/strong><\/p>\n<div style=\"display: flex; justify-content: space-between; align-items: center; flex-wrap: wrap; gap: 10px; flex-direction: row;\"><a style=\"background-color: #d29600; color: white; padding: 10px 20px; border-radius: 6px; font-weight: bold; text-decoration: none; flex: 1; text-align: center;\" href=\"https:\/\/togosunny.com\/fr\/contact\/\" target=\"https:\/\/togosunny.com\/fr\/contact\/\" rel=\"noopener\"><br \/>\nContactez-nous<br \/>\n<\/a><a style=\"background-color: #25d366; color: white; padding: 10px 20px; border-radius: 6px; font-weight: bold; text-decoration: none; flex: 1; text-align: center;\" href=\"https:\/\/wa.me\/+37251916708?text=Bonjour%20!%20Je%20souhaite%20commander%20Percussion%20individuelle%20pour%20les%20camps%20d%E2%80%99%C3%A9t%C3%A9%20scolaires.\" target=\"_blank\" rel=\"noopener\"><br \/>\nWhatsApp<br \/>\n<\/a><\/div>\n<style>\n@media screen and (max-width: 600px) {<br \/>  div[style*=\"display:flex;\"] {<br \/>    flex-direction: column !important;<br \/>    align-items: stretch !important;<br \/>  }<br \/>}<br \/><\/style>\n","protected":false},"featured_media":27564,"comment_status":"open","ping_status":"closed","template":"","meta":[],"product_brand":[],"product_cat":[851,839,847],"product_tag":[1040],"class_list":{"0":"post-27565","1":"product","2":"type-product","3":"status-publish","4":"has-post-thumbnail","6":"product_cat-percussions-pour-votre-evenement","7":"product_cat-services","8":"product_cat--section-djembe-culture-emotionnelle-et-service-dynamisant","9":"product_tag-percussion-en-solo-pour-les-camps-dete-scolaires","11":"first","12":"outofstock","13":"shipping-taxable","14":"purchasable","15":"product-type-simple"},"_links":{"self":[{"href":"https:\/\/togosunny.com\/fr\/wp-json\/wp\/v2\/product\/27565","targetHints":{"allow":["GET"]}}],"collection":[{"href":"https:\/\/togosunny.com\/fr\/wp-json\/wp\/v2\/product"}],"about":[{"href":"https:\/\/togosunny.com\/fr\/wp-json\/wp\/v2\/types\/product"}],"replies":[{"embeddable":true,"href":"https:\/\/togosunny.com\/fr\/wp-json\/wp\/v2\/comments?post=27565"}],"wp:featuredmedia":[{"embeddable":true,"href":"https:\/\/togosunny.com\/fr\/wp-json\/wp\/v2\/media\/27564"}],"wp:attachment":[{"href":"https:\/\/togosunny.com\/fr\/wp-json\/wp\/v2\/media?parent=27565"}],"wp:term":[{"taxonomy":"product_brand","embeddable":true,"href":"https:\/\/togosunny.com\/fr\/wp-json\/wp\/v2\/product_brand?post=27565"},{"taxonomy":"product_cat","embeddable":true,"href":"https:\/\/togosunny.com\/fr\/wp-json\/wp\/v2\/product_cat?post=27565"},{"taxonomy":"product_tag","embeddable":true,"href":"https:\/\/togosunny.com\/fr\/wp-json\/wp\/v2\/product_tag?post=27565"}],"curies":[{"name":"wp","href":"https:\/\/api.w.org\/{rel}","templated":true}]}}